{"id":974,"date":"2023-02-07T01:02:56","date_gmt":"2023-02-07T00:02:56","guid":{"rendered":"https:\/\/consadelaide.esteri.it\/?page_id=974"},"modified":"2026-03-05T09:00:25","modified_gmt":"2026-03-04T22:30:25","slug":"sposarsi-in-italia","status":"publish","type":"page","link":"https:\/\/consadelaide.esteri.it\/it\/servizi-consolari-e-visti\/servizi-per-il-cittadino-italiano\/sposarsi-in-italia\/","title":{"rendered":"Sposarsi in Italia"},"content":{"rendered":"<p>La condizione necessaria per la richiesta delle pubblicazioni del matrimonio \u00e8 che il matrimonio si realizzi in Italia.<\/p>\n<p>Per i residenti in South Australia ed iscritti all\u2019AIRE (Anagrafe Italiani Residenti all\u2019Estero), le pubblicazioni di matrimonio devono essere eseguite presso questo Consolato.<\/p>\n<p>Per i residenti in Italia \u2013 non iscritti AIRE &#8211; ma che si trovano momentaneamente in Australia, questo Consolato deve procedere a fare la richiesta di pubblicazioni al Comune dove tale persona risiede.<\/p>\n<p><strong>Le pubblicazioni vanno effettuate non prima di 180 giorni dalla data del matrimonio.<\/strong><\/p>\n<p>&nbsp;<\/p>\n<p><strong>CHI DEVE RICHIEDERE LE PUBBLICAZIONI DI MATRIMONIO<\/strong><\/p>\n<ul>\n<li>Il cittadino iscritto all\u2019AIRE che intende sposarsi in Italia<\/li>\n<li>Il cittadino che non essendo iscritto all\u2019AIRE e trovandosi temporaneamente in Australia, non pu\u00f2 aspettare il suo rientro in Italia per farne richiesta al proprio Comune<\/li>\n<\/ul>\n<p>NOTA: Le pubblicazioni\u00a0<strong>NON vanno eseguite<\/strong>\u00a0se il matrimonio viene celebrato di fronte a una Autorit\u00e0 estera. Quindi se il matrimonio avviene in Australia, non sar\u00e0 necessario fare le pubblicazioni, ma solo procedere alla registrazione del matrimonio una volta avvenuto (Vedasi il &#8220;<a href=\"https:\/\/consadelaide.esteri.it\/it\/chi-siamo\/contatti\/informazioni-utili\/how-to\/\">HOW-TO<\/a> Certificate Registration&#8221;)<\/p>\n<p><strong>SI PREGA DI FISSARE APPUNTAMENTO &#8220;NOTARILE&#8221; PER LE PUBBLICAZIONI DI MATRIMONIO NEL PORTALE: <a href=\"https:\/\/prenotami.esteri.it\/\">PRENOTAMI<\/a>\u00a0<\/strong><\/p>\n<p>Per conoscere in dettaglio la procedura per eseguire le pubblicazioni di matrimonio, si prega di controllare l&#8217;apposito:<\/p>\n<p>-HOW-TO\u00a0per matrimonio tra\u00a0<strong>due cittadini italiani<\/strong><\/p>\n<p>-HOW-TO\u00a0per matrimonio tra\u00a0<strong>un cittadino italiano e uno straniero<\/strong><\/p>\n<p>&nbsp;<\/p>\n<p>&nbsp;<\/p>\n<p><strong>REQUISITI PER IL PARTNER STRANIERO<\/strong><\/p>\n<p>Per i cittadini stranieri non australiani, l\u2019unica formalit\u00e0 richiesta una volta arrivati in Italia \u00e8 quella di richiedere il Nulla Osta al matrimonio presso la propria Ambasciata. Tale Nulla Osta dovr\u00e0 poi essere consegnato al Comune dove si realizzer\u00e0 il Matrimonio. \u00c8 necessario quindi contattare per tempo la propria Ambasciata in Italia per richiedere quali siano le formalit\u00e0 richieste per il rilascio di tale Nulla Osta e la relativa tempistica.<\/p>\n<p>Per i cittadini australiani il Nulla Osta di cui sopra \u00e8 rilasciato dall\u2019Ambasciata d&#8217;Australia a Roma, che per rilasciarlo richiede un ATTO NOTORIO firmato dai futuri sposi e da quattro (4) testimoni, nel quale si dichiara che nulla osta al matrimonio ai sensi degli artt.95, 86, 89 e 97 del Codice Civile italiano. Per la procedura specifica, pregasi controllare lo specifico &#8220;<a href=\"https:\/\/consadelaide.esteri.it\/it\/chi-siamo\/contatti\/informazioni-utili\/how-to\/\">How-To Atto Notorio&#8221;<\/a>.<\/p>\n","protected":false},"excerpt":{"rendered":"La condizione necessaria per la richiesta delle pubblicazioni del matrimonio \u00e8 che il matrimonio si realizzi in Italia. Per i residenti in South Australia ed iscritti all\u2019AIRE (Anagrafe Italiani Residenti all\u2019Estero), le pubblicazioni di matrimonio devono essere eseguite presso questo Consolato. Per i residenti in Italia \u2013 non iscritti AIRE &#8211; ma che si trovano [&hellip;]","protected":false},"author":6,"featured_media":0,"parent":80,"menu_order":26,"comment_status":"closed","ping_status":"closed","template":"","meta":{"footnotes":""},"class_list":["post-974","page","type-page","status-publish","hentry"],"_links":{"self":[{"href":"https:\/\/consadelaide.esteri.it\/it\/wp-json\/wp\/v2\/pages\/974","targetHints":{"allow":["GET"]}}],"collection":[{"href":"https:\/\/consadelaide.esteri.it\/it\/wp-json\/wp\/v2\/pages"}],"about":[{"href":"https:\/\/consadelaide.esteri.it\/it\/wp-json\/wp\/v2\/types\/page"}],"author":[{"embeddable":true,"href":"https:\/\/consadelaide.esteri.it\/it\/wp-json\/wp\/v2\/users\/6"}],"replies":[{"embeddable":true,"href":"https:\/\/consadelaide.esteri.it\/it\/wp-json\/wp\/v2\/comments?post=974"}],"version-history":[{"count":5,"href":"https:\/\/consadelaide.esteri.it\/it\/wp-json\/wp\/v2\/pages\/974\/revisions"}],"predecessor-version":[{"id":7037,"href":"https:\/\/consadelaide.esteri.it\/it\/wp-json\/wp\/v2\/pages\/974\/revisions\/7037"}],"up":[{"embeddable":true,"href":"https:\/\/consadelaide.esteri.it\/it\/wp-json\/wp\/v2\/pages\/80"}],"wp:attachment":[{"href":"https:\/\/consadelaide.esteri.it\/it\/wp-json\/wp\/v2\/media?parent=974"}],"curies":[{"name":"wp","href":"https:\/\/api.w.org\/{rel}","templated":true}]}}