{"id":847,"date":"2023-01-27T02:22:00","date_gmt":"2023-01-27T01:22:00","guid":{"rendered":"https:\/\/consadelaide.esteri.it\/?page_id=847"},"modified":"2024-08-19T15:07:19","modified_gmt":"2024-08-19T05:37:19","slug":"assistenza-sanitaria","status":"publish","type":"page","link":"https:\/\/consadelaide.esteri.it\/it\/servizi-consolari-e-visti\/servizi-per-il-cittadino-italiano\/assistenza-ai-cittadini-allestero\/assistenza-sanitaria\/","title":{"rendered":"Assistenza sanitaria"},"content":{"rendered":"<p style=\"text-align: justify;\"><strong>TESSERA SANITARIA ITALIANA<\/strong><\/p>\n<p style=\"text-align: justify;\">Il Consolato non \u00e8 abilitato al rinnovo o all\u2019emissione della tessera sanitaria italiana. In caso di scadenza, deterioramento, furto o smarrimento, l\u2019utente dovr\u00e0 contattare la propria Azienda Sanitaria Locale (ASL) in Italia per ottenere una nuova tessera.<\/p>\n<p style=\"text-align: justify;\"><strong>ASSISTENZA SANITARIA TEMPORANEA IN ITALIA<\/strong><\/p>\n<p style=\"text-align: justify;\">Con l\u2019iscrizione all\u2019AIRE si perde il diritto all\u2019assistenza sanitaria in Italia e non sar\u00e0 pertanto pi\u00f9 possibile richiedere il rinnovo o il duplicato della propria tessera sanitaria scaduta. Sar\u00e0 comunque possibile ottenere l\u2019assistenza sanitaria in Italia per soggiorni brevi fino ad un massimo di 90 giorni, presentando alla competente ASL in Italia un\u2019autocertificazione (art. 46 del DPR 445\/2000)<\/p>\n<p style=\"text-align: justify;\">Per poter usufruire dell\u2019assistenza temporanea \u00e8 necessario soddisfare\u00a0<u>almeno una<\/u>\u00a0di queste 3 condizioni:<\/p>\n<ol style=\"text-align: justify;\">\n<li>Essere\u00a0cittadini italiani nati in Italia<\/li>\n<li>Essere titolari di pensione corrisposta da enti previdenziali italiani<\/li>\n<li>Essere cittadini italiani nati all\u2019estero ma che hanno risieduto in passato in Italia.<\/li>\n<\/ol>\n<p style=\"text-align: justify;\"><strong>ASSISTENZA SANITARIA IN AUSTRALIA \u2013 MEDICARE<\/strong><\/p>\n<p style=\"text-align: justify;\">Tra Italia e Australia esiste un accordo che garantisce l\u2019accesso al servizio sanitario australiano per la durata di 6 mesi a tutti i cittadini italiani che hanno un visto per soggiornare in via temporanea in Australia, senza pagamento di alcuna spesa in caso di ricoveri ospedalieri. Sono invece soggette a pagamento le visite specialistiche e dal medico generico come anche eventuali servizi di ambulanza. Per accedere al servizio sanitario australiano occorre dimostrare di essere residenti in Italia ed essere iscritti al servizio sanitario italiano, esibendo il passaporto e la tessera sanitaria nazionale italiana agli sportelli di Medicare (equiparabili alle nostre ASL;\u00a0<a href=\"http:\/\/www.medicareaustralia.gov.au\/\">www.medicareaustralia.gov.au<\/a>). Il diritto alla copertura semestrale decorre ex novo a partire da un secondo eventuale re-ingresso nel territorio australiano.<\/p>\n<p style=\"text-align: justify;\">Si raccomanda in ogni caso di consultare il sito della Farnesina\u00a0<a href=\"https:\/\/www.viaggiaresicuri.it\/find-country\/country\/AUS\">Viaggiare Sicuri<\/a>\u00a0e di stipulare un\u2019assicurazione sanitaria privata per tutta la durata della permanenza in Australia. Per la consultazione della lista delle Societ\u00e0 che forniscono pacchetti assicurativi clicca\u00a0<a href=\"http:\/\/www.privatehealth.gov.au\/dynamic\/healthfundlist.aspx\">qui<\/a>.<\/p>\n<p style=\"text-align: justify;\">Per ulteriori informazioni sulla Medicare \u00e8 possibile consultare il relativo sito del Governo australiano cliccando <a href=\"https:\/\/www.servicesaustralia.gov.au\/reciprocal-health-care-agreements-visiting-from-italy?context=22481\">qui<\/a>.<\/p>\n","protected":false},"excerpt":{"rendered":"TESSERA SANITARIA ITALIANA Il Consolato non \u00e8 abilitato al rinnovo o all\u2019emissione della tessera sanitaria italiana. In caso di scadenza, deterioramento, furto o smarrimento, l\u2019utente dovr\u00e0 contattare la propria Azienda Sanitaria Locale (ASL) in Italia per ottenere una nuova tessera. ASSISTENZA SANITARIA TEMPORANEA IN ITALIA Con l\u2019iscrizione all\u2019AIRE si perde il diritto all\u2019assistenza sanitaria in [&hellip;]","protected":false},"author":6,"featured_media":0,"parent":172,"menu_order":4,"comment_status":"closed","ping_status":"closed","template":"","meta":{"footnotes":""},"class_list":["post-847","page","type-page","status-publish","hentry"],"_links":{"self":[{"href":"https:\/\/consadelaide.esteri.it\/it\/wp-json\/wp\/v2\/pages\/847","targetHints":{"allow":["GET"]}}],"collection":[{"href":"https:\/\/consadelaide.esteri.it\/it\/wp-json\/wp\/v2\/pages"}],"about":[{"href":"https:\/\/consadelaide.esteri.it\/it\/wp-json\/wp\/v2\/types\/page"}],"author":[{"embeddable":true,"href":"https:\/\/consadelaide.esteri.it\/it\/wp-json\/wp\/v2\/users\/6"}],"replies":[{"embeddable":true,"href":"https:\/\/consadelaide.esteri.it\/it\/wp-json\/wp\/v2\/comments?post=847"}],"version-history":[{"count":2,"href":"https:\/\/consadelaide.esteri.it\/it\/wp-json\/wp\/v2\/pages\/847\/revisions"}],"predecessor-version":[{"id":3635,"href":"https:\/\/consadelaide.esteri.it\/it\/wp-json\/wp\/v2\/pages\/847\/revisions\/3635"}],"up":[{"embeddable":true,"href":"https:\/\/consadelaide.esteri.it\/it\/wp-json\/wp\/v2\/pages\/172"}],"wp:attachment":[{"href":"https:\/\/consadelaide.esteri.it\/it\/wp-json\/wp\/v2\/media?parent=847"}],"curies":[{"name":"wp","href":"https:\/\/api.w.org\/{rel}","templated":true}]}}