{"id":78,"date":"2023-01-03T17:07:54","date_gmt":"2023-01-03T16:07:54","guid":{"rendered":"https:\/\/consadelaide.esteri.it\/?page_id=78"},"modified":"2025-12-17T11:26:09","modified_gmt":"2025-12-17T00:56:09","slug":"diplomazia-economica","status":"publish","type":"page","link":"https:\/\/consadelaide.esteri.it\/it\/italia-e-australia\/diplomazia-economica\/","title":{"rendered":"Diplomazia economica"},"content":{"rendered":"<p style=\"text-align: justify;\">Nonostante la distanza, i legami tra Australia e Italia sono fortissimi. Anche grazie alla lunga storia di emigrazione, l\u2019influenza culturale \u00e8 molto presente, ben visibile. Gli australiani amano la creativit\u00e0, la raffinatezza e l\u2019autenticit\u00e0 del \u201cmade in Italy\u201d e sono affascinati dal \u201cvivere all\u2019italiana\u201d.<\/p>\n<p style=\"text-align: justify;\">Con una bilancia commerciale in positivo per circa 4 miliardi di euro nel 2021, l\u2019Italia \u00e8 l\u2019undicesimo Paese fornitore dell\u2019Australia, il secondo tra quelli dell\u2019UE. Radicata \u00e8 inoltre la presenza di grandi gruppi industriali italiani e di altre realt\u00e0 imprenditoriali di pi\u00f9 piccole dimensioni, ma all\u2019avanguardia quanto a tecnologia ed innovazione.<\/p>\n<p style=\"text-align: justify;\">Sono circa 270 le aziende italiane in Australia, presenti in quasi tutti i settori: energetico \u2013 soprattutto energie rinnovabili \u2013 ingegneristico, cantieristica, infrastrutture e costruzioni, moda e lusso, automotive, fitness, oltre naturalmente al food &amp; beverage.<\/p>\n<p style=\"text-align: justify;\"><strong>Mercato di accesso regionale<\/strong>:<\/p>\n<p style=\"text-align: justify;\">Molte aziende scelgono l\u2019Australia come base per espandersi nell\u2019area, sfruttando le facilitazioni concesse dagli accordi di libero scambio bilaterali e regionali di cui il Paese \u00e8 parte (al momento sono 17 quelli siglati da Canberra). Questo ha contribuito positivamente alla liberalizzazione degli investimenti, all\u2019aggiornamento della legislazione in materia di propriet\u00e0 intellettuale, allo sviluppo dell\u2019e-commerce.<\/p>\n<p style=\"text-align: justify;\"><strong>FTA ed ulteriori possibilit\u00e0<\/strong><\/p>\n<p style=\"text-align: justify;\">L\u2019Australia guarda con grande interesse anche all\u2019Europa. L\u2019interscambio commerciale vale oggi circa 45 miliardi di euro, destinati a crescere in maniera significativa. Si trova infatti ad uno stadio avanzato il negoziato per un Accordo di libero scambio con l\u2019Unione Europea. Quest\u2019ultimo mira alla riduzione, e laddove possibile alla totale eliminazione, di tariffe doganali per merci e servizi, alla facilitazione degli investimenti, alla protezione delle denominazioni geografiche dei prodotti, al superamento di barriere fitosanitarie.<\/p>\n<p style=\"text-align: justify;\">Si stima che, una volta concluso, l\u2019accordo aumenter\u00e0 di circa un terzo il commercio in beni e servizi fra i due partner.<\/p>\n<p style=\"text-align: justify;\"><strong>Settori di maggior interesse<\/strong><\/p>\n<p style=\"text-align: justify;\">L\u2019economia dinamica dell\u2019Australia, l\u2019aumento dell\u2019impronta commerciale, la popolazione in crescita e il gran numero di progetti in cantiere forniscono le condizioni ideali per investire in grandi infrastrutture. \u00a0Il bilancio federale 2022-23 impegna 17,9 miliardi di dollari australiani in 10 anni per grandi progetti infrastrutturali, comprese strade e ferrovie in tutto il paese. Si prevede che l\u2019investimento totale nelle principali infrastrutture pubbliche superer\u00e0 i 218 miliardi di dollari australiani tra il 2021 e il 2025.<\/p>\n<p style=\"text-align: justify;\">Il Budget ha inoltre stanziato importanti finanziamenti per migliorare la connettivit\u00e0 di rete in tutta l\u2019Australia. I fondi comprendono:<\/p>\n<ul style=\"text-align: justify;\">\n<li>2,4 miliardi di dollari australiani per la rete nazionale a banda larga (NBN), che estender\u00e0 l\u2019accesso a fibra piena a 1,5 milioni di locali entro il 2025. Ci\u00f2 fornir\u00e0 una rete pi\u00f9 veloce e affidabile per far progredire l\u2019economia digitale, le imprese e le comunit\u00e0 australiane.<\/li>\n<li>1,2 miliardi di dollari australiani per il piano Better Connectivity for Regional and Rural Australia. Ci\u00f2 include $400 milioni per le stazioni base mobili e $200 milioni per il programma di connettivit\u00e0 regionale.<\/li>\n<\/ul>\n<p style=\"text-align: justify;\">Infine, e\u2019 notevole anche l\u2019investimento del governo federale nelle energie pulite: sempre nell\u2019ultimo budget, sono stati stanziati verso questo settori quasi 25 miliardi di dollari australiani, sostenendo l\u2019impegno netto zero del governo entro il 2050. Il piano Powering Australia include diversi progetti che sono volti a ridurre le emissioni aumentando la produzione di energia rinnovabile. Questo offre significative opportunit\u00e0 di investimento nelle energie rinnovabili australiane e nella crescente economia verde del paese.<\/p>\n<p style=\"text-align: justify;\">Il settore aerospaziale \u00e8 infine uno dei settori pi\u00f9 specializzati, dinamici e in espansione: si stima una crescita del suo fatturato fino a 8 miliardi di euro entro il 2030. L\u2019Agenzia Spaziale Australiana \u00e8 stata fondata nel 2018 con l\u2019obiettivo di diventare competitiva a livello internazionale in tempi celeri. Anche grazie al Memorandum di intesa di cooperazione firmato tra l\u2019Agenzia Spaziale Italiana e quella australiana, si tratta di un settore che offre ottime opportunit\u00e0 alle aziende italiane.<\/p>\n<p style=\"text-align: justify;\"><strong>Sistema Italia<\/strong><\/p>\n<p style=\"text-align: justify;\">La presenza del Sistema Italia \u00e8 capillare in Australia, offrendo numerosi servizi ai cittadini e alle imprese italiane. Oltre all\u2019Ambasciata situata nella capitale Canberra, vi sono due Consolati Generali a Sydney e Melbourne e tre Consolati a Perth, Adelaide e Brisbane. In Australia sono presenti anche l\u2019ICE, (Istituto Commercio Estero) e l\u2019ENIT (Ente Nazionale Italiano Turismo), cui si aggiungono quattro Camere di Commercio diffuse sul territorio. Si tratta di risorse di grande importanza per affiancare e accelerare i percorsi di internazionalizzazione delle imprese italiane in Australia.<\/p>\n<p style=\"text-align: justify;\">Italian Trade Agency \u2013 <a href=\"https:\/\/www.ice.it\/en\/markets\/australia\/sydney\">Italian Trade Agency<\/a><\/p>\n<p style=\"text-align: justify;\">Camere di commercio:<\/p>\n<ul style=\"text-align: justify;\">\n<li>Brisbane \u2013 <a href=\"https:\/\/www.assocamerestero.it\/ccie\/italian-chamber-of-commerce-and-industry-australia-icci-queensland-inc\">Italian Chamber of Commerce and Industry in Australia (ICCI, Queensland) Inc.<\/a><\/li>\n<li>Melbourne \u2013 <a href=\"https:\/\/www.assocamerestero.it\/ccie\/italian-chamber-of-commerce-and-industry-australia-melbourne-inc\">Italian Chamber of Commerce and Industry in Australia \u2013 Melbourne Inc.<\/a><\/li>\n<li>Perth \u2013 <a href=\"https:\/\/www.assocamerestero.it\/ccie\/italian-chamber-of-commerce-industry-australia-perth-inc\">Italian Chamber of Commerce &amp; Industry in Australia \u2013 Perth Inc.<\/a><\/li>\n<li>Sydney \u2013 <a href=\"https:\/\/www.assocamerestero.it\/ccie\/italian-chamber-of-commerce-and-industry-australia-inc\">Italian Chamber of Commerce and Industry in Australia inc.<\/a><\/li>\n<\/ul>\n<p style=\"text-align: justify;\">Enit \u2013 <a href=\"https:\/\/www.italia.it\/it\">https:\/\/www.italia.it\/it<\/a><\/p>\n<p style=\"text-align: justify;\">Per maggiori informazioni \u00e8 possibile visitare la relativa pagina di <a href=\"https:\/\/www.infomercatiesteri.it\/paese.php?id_paesi=119\">InfomercatiEsteri<\/a>, il nuovo applicativo per gli esportatori ed investitori italiani.<\/p>\n","protected":false},"excerpt":{"rendered":"Nonostante la distanza, i legami tra Australia e Italia sono fortissimi. Anche grazie alla lunga storia di emigrazione, l\u2019influenza culturale \u00e8 molto presente, ben visibile. Gli australiani amano la creativit\u00e0, la raffinatezza e l\u2019autenticit\u00e0 del \u201cmade in Italy\u201d e sono affascinati dal \u201cvivere all\u2019italiana\u201d. Con una bilancia commerciale in positivo per circa 4 miliardi di [&hellip;]","protected":false},"author":3,"featured_media":0,"parent":14,"menu_order":6,"comment_status":"closed","ping_status":"closed","template":"","meta":{"footnotes":""},"class_list":["post-78","page","type-page","status-publish","hentry"],"_links":{"self":[{"href":"https:\/\/consadelaide.esteri.it\/it\/wp-json\/wp\/v2\/pages\/78","targetHints":{"allow":["GET"]}}],"collection":[{"href":"https:\/\/consadelaide.esteri.it\/it\/wp-json\/wp\/v2\/pages"}],"about":[{"href":"https:\/\/consadelaide.esteri.it\/it\/wp-json\/wp\/v2\/types\/page"}],"author":[{"embeddable":true,"href":"https:\/\/consadelaide.esteri.it\/it\/wp-json\/wp\/v2\/users\/3"}],"replies":[{"embeddable":true,"href":"https:\/\/consadelaide.esteri.it\/it\/wp-json\/wp\/v2\/comments?post=78"}],"version-history":[{"count":5,"href":"https:\/\/consadelaide.esteri.it\/it\/wp-json\/wp\/v2\/pages\/78\/revisions"}],"predecessor-version":[{"id":6484,"href":"https:\/\/consadelaide.esteri.it\/it\/wp-json\/wp\/v2\/pages\/78\/revisions\/6484"}],"up":[{"embeddable":true,"href":"https:\/\/consadelaide.esteri.it\/it\/wp-json\/wp\/v2\/pages\/14"}],"wp:attachment":[{"href":"https:\/\/consadelaide.esteri.it\/it\/wp-json\/wp\/v2\/media?parent=78"}],"curies":[{"name":"wp","href":"https:\/\/api.w.org\/{rel}","templated":true}]}}