{"id":74,"date":"2023-01-03T17:07:44","date_gmt":"2023-01-03T16:07:44","guid":{"rendered":"https:\/\/consadelaide.esteri.it\/?page_id=74"},"modified":"2025-05-22T09:15:36","modified_gmt":"2025-05-21T23:45:36","slug":"la-rete-consolare","status":"publish","type":"page","link":"https:\/\/consadelaide.esteri.it\/it\/chi-siamo\/la-rete-consolare\/","title":{"rendered":"La Rete Consolare"},"content":{"rendered":"<header class=\"entry-header\">\n<h1 class=\"entry-title h3\">La rete consolare<\/h1>\n<\/header>\n<div class=\"entry-content\">\n<p><strong>Rete consolare in Australia e nei Paesi di accreditamento secondario<\/strong><\/p>\n<p>La rete consolare in Australia si compone di due Consolati Generali (Melbourne, Sydney) e tre Consolati di prima categoria (Adelaide, Brisbane, Perth). Da ogni Consolato dipende una rete consolare onoraria, che ha poteri molto limitati, in genere connessi con la registrazione all\u2019anagrafe consolare e il rilascio di passaporti. Questi non possono rilasciare visti o effettuare pratiche di cittadinanza. La Cancelleria consolare dell\u2019Ambasciata d\u2019Italia ha competenza sul territorio dell\u2019ACT e sulle citt\u00e0 di Queanbeyan e Cooma nel New South Wales.<\/p>\n<p>&nbsp;<\/p>\n<p><strong>CONSOLATO GENERALE A MELBOURNE<\/strong><br \/>\n509 St. Kilda Road<br \/>\nMelbourne VIC 3004<br \/>\nTel: (03) 9867 5744<br \/>\nEmail: <a href=\"mailto:melbourne.info@esteri.it\">melbourne.info@esteri.it<\/a><br \/>\n<a href=\"mailto:visti.melbourne@esteri.it\">visti.melbourne@esteri.it<\/a>\u00a0(Ufficio visti-legale-sociale)<br \/>\n<a href=\"mailto:aire.melbourne@esteri.it\">aire.melbourne@esteri.it<\/a>\u00a0(Uffico anagrafe consolare-stato civile-passaporti)<br \/>\n<a href=\"mailto:anagrafe.melbourne@esteri.it\">anagrafe.melbourne@esteri.it<\/a>\u00a0 (Ufficio anagrafe consolare-servizio elettorale)<br \/>\n<a href=\"mailto:commerciale.melbourne@esteri.it\">commerciale.melbourne@esteri.it<\/a>\u00a0(Ufficio commerciale)<br \/>\nGiurisdizione: Victoria e Tasmania<\/p>\n<p><strong>Uffici onorari dipendenti<\/strong><\/p>\n<p>HOBART- Consolato Onorario<\/p>\n<p>Console Onorario Elvio BRIANESE<br \/>\n60 Barrack Street<br \/>\nHobart TAS 7000<br \/>\nTel: (03) 6231 0166<\/p>\n<p><a href=\"mailto:tasmania@honoraryconsulitaly.com.au\">tasmania@honoraryconsulitaly.com.au<\/a><\/p>\n<p>&nbsp;<\/p>\n<p><strong>CONSOLATO GENERALE A SYDNEY<\/strong><br \/>\nLevel 19<br \/>\n44 Market Street<br \/>\nSydney NSW 2000<\/p>\n<p>Tel: (02) 9392 7900<br \/>\nEmail: <a href=\"mailto:info.sydney@esteri.it\">info.sydney@esteri.it<\/a><br \/>\nOrario di apertura al pubblico: 9.00-11.00 (dal luned\u00ec al venerd\u00ec)<br \/>\nGiurisidizione: Lo Stato del Nuovo Galles del Sud (escluse le citt\u00e0 di Queanbeyan e Cooma), le Isole Norfolk.<\/p>\n<p><strong>Uffici onorari dipendenti<\/strong><\/p>\n<p>GRIFFITH \u2013 Vice Consolato Onorario<br \/>\nVacante<br \/>\nGiurisdizione: Griffith e la regione della Riverina<\/p>\n<p>NEWCASTLE \u2013 Vice Consolato Onorario<br \/>\nVacante<br \/>\nGiurisdizione: Newcastle, Cessnock, Maitland, Singleton, Muswelbrook, Port Stephen, Scone, Patrick Plains, Dunsog, Denman, Murrurundi, Merriwa.<\/p>\n<p>WOLLONGONG \u2013 Vice Consolato Onorario<br \/>\nVacante<br \/>\nGiurisdizione: Wollongong e la regione dell\u2019Illawarra.<\/p>\n<p>NORTHEN RIVERS NSW \u2013 Corrispondente Consolare per la regione<br \/>\nSignora Cristina Avallone<br \/>\nTel. 0475 451 206<br \/>\nEmail:\u00a0<a href=\"mailto:cristinaavalloneguida@gmail.com\">cristinaavalloneguida@gmail.com<\/a><\/p>\n<p>&nbsp;<\/p>\n<p><strong>CONSOLATO D\u2019ITALIA AD ADELAIDE<\/strong><br \/>\n215 Port Road, Hindmarsh<br \/>\nSA 5007<br \/>\nTel: (08) 8337 0777<br \/>\nEmail:\u00a0<a href=\"mailto:consolato.adelaide@esteri.it\">consolato.adelaide@esteri.it<\/a><\/p>\n<p>Giurisdizione: South Australia<\/p>\n<p>&nbsp;<\/p>\n<p><strong>CONSOLATO D\u2019ITALIA A BRISBANE<\/strong><\/p>\n<p>Level 8 \u2013 199 George Street<br \/>\nBrisbane QLD 4000<br \/>\nTel: (07) 3229 8944<br \/>\nEmail:\u00a0<a href=\"mailto:consolato.brisbane@esteri.it\">consolato.brisbane@esteri.it<\/a><br \/>\nOrario di apertura al pubblico: Dal luned\u00ec al gioved\u00ec dalle 9.00 alle 16.00 e il venerd\u00ec dalle 9.00 alle 13.00.<br \/>\nGiurisidizione: Queensland, Northern Territory<\/p>\n<p><strong>Uffici onorari dipendenti<\/strong><\/p>\n<p>CAIRNS\u00a0 \u2013 Consolato Onorario<br \/>\nConsole Onorario Oliviero Bolli<br \/>\nIndirizzo:\u00a0 1\/25-27 Sheridan Street, Cairns, QLD, 4870<br \/>\nTel: + 61 (0)4 3727 0794<br \/>\nEmail:\u00a0\u00a0<a href=\"mailto:oliviero@magoffinlaw.com.au\">oliviero@magoffinlaw.com.au<\/a><\/p>\n<p>DARWIN \u2013 Consolato Onorario<br \/>\nConsole Onorario Carlo Randazzo<br \/>\nIndirizzo: Level 2, 47 Stuart Highway \u2013 Stuart Park NT 0820<br \/>\nIndirizzo Postale: PO Box 551 \u2013 Darwin NT 0801<br \/>\nTel: + 61 (08) 8941 6396<br \/>\nE-mail:\u00a0<a href=\"mailto:italcon.nt@randazzoproperties.com.au\">italcon.nt@randazzoproperties.com.au<\/a><\/p>\n<p>&nbsp;<\/p>\n<p><strong>CONSOLATO D\u2019ITALIA A PERTH<\/strong><br \/>\nLevel 2, 1292 Hay Street<br \/>\nWest Perth<br \/>\nWA 6005<br \/>\nTel: (08) 9322 4500<br \/>\nEmail: <a href=\"mailto:info.perth@esteri.it\">perth.<\/a><a href=\"mailto:info.perth@esteri.it\">info<\/a><a href=\"mailto:info.perth@esteri.it\">@esteri.it<\/a><\/p>\n<p>Giurisidizione: Western Australia, Christmas Islands, Cocos (Keeling) Islands<\/p>\n<p>&nbsp;<\/p>\n<p>&nbsp;<\/p>\n<p><strong>PAESI DI ACCREDITAMENTO SECONDARIO<\/strong><\/p>\n<p><strong>ISOLE FIJI \u2013 Suva<\/strong><br \/>\nConsolato Onorario D\u2019Italia in Fiji<br \/>\n(Dipende dall\u2019Ambasciata d\u2019Italia in Canberra)<br \/>\nConsole Onorario Maurice RUGGIERO<br \/>\nIndirizzo: c\/o Dignified Cremations ltd, lot 1 Lady Davila rd., Nakasi, Suva<br \/>\nTel + 679 3322503<br \/>\nM: +679 9922010<br \/>\nE-mail:\u00a0<a href=\"mailto:tritech@connect.com.fj\">tritech@connect.com.fj<\/a><\/p>\n<p><strong>ISOLE SALOMONE<br \/>\n<\/strong>Vacante<\/p>\n<p><strong>NAURU<\/strong><br \/>\nVacante<\/p>\n<p><strong>PAPUA NUOVA GUINEA<br \/>\n<\/strong>Consolato Onorario d\u2019Italia in Papua Nuova Guinea<br \/>\n(Dipende dall\u2019Ambasciata d\u2019Italia in Canberra)<br \/>\nConsole Onorario Simon NUTLEY<br \/>\nIndirizzo: c\/o Fiocco &amp; Nutley Lawyers, Century 21 Siule Real Estate Building,<br \/>\nKunai St., 111 Waigani Dr., Port Moresby<br \/>\nM: (+675) 7714 6555<br \/>\nEmail:\u00a0<a href=\"mailto:snutley@fiocconutley.com.pg\">snutley@fiocconutley.com.pg\u00a0<\/a><\/p>\n<p><strong>VANUATU<\/strong><br \/>\nConsolato Onorario D\u2019Italia in Vanuatu<br \/>\n(Dipende dall\u2019Ambasciata d\u2019Italia in Canberra)<br \/>\nConsole Onorario Sandrino Traverso<br \/>\n8 rue Belleuve subdivision, BP 23, Port-Vila, Vanuatu<br \/>\nTel + 678 7743238<br \/>\nE-mail:\u00a0<a href=\"mailto:sandrino@traverso.vu\">sandrino@traverso.vu<\/a><\/p>\n<p>Per l\u2019elenco delle funzioni consolari esercitate dal Sig. Traverso clicca qui:\u00a0\u00a0<a href=\"https:\/\/ambcanberra.esteri.it\/wp-content\/uploads\/2023\/06\/ESTRATTO_DLF_TRAVERSO_CO_PORT_VILA_VANUATU.docx\">ESTRATTO_DLF_TRAVERSO_CO_PORT_VILA_VANUATU<\/a><\/p>\n<\/div>\n","protected":false},"excerpt":{"rendered":"La rete consolare Rete consolare in Australia e nei Paesi di accreditamento secondario La rete consolare in Australia si compone di due Consolati Generali (Melbourne, Sydney) e tre Consolati di prima categoria (Adelaide, Brisbane, Perth). Da ogni Consolato dipende una rete consolare onoraria, che ha poteri molto limitati, in genere connessi con la registrazione all\u2019anagrafe [&hellip;]","protected":false},"author":3,"featured_media":0,"parent":10,"menu_order":8,"comment_status":"closed","ping_status":"closed","template":"","meta":{"footnotes":""},"class_list":["post-74","page","type-page","status-publish","hentry"],"_links":{"self":[{"href":"https:\/\/consadelaide.esteri.it\/it\/wp-json\/wp\/v2\/pages\/74","targetHints":{"allow":["GET"]}}],"collection":[{"href":"https:\/\/consadelaide.esteri.it\/it\/wp-json\/wp\/v2\/pages"}],"about":[{"href":"https:\/\/consadelaide.esteri.it\/it\/wp-json\/wp\/v2\/types\/page"}],"author":[{"embeddable":true,"href":"https:\/\/consadelaide.esteri.it\/it\/wp-json\/wp\/v2\/users\/3"}],"replies":[{"embeddable":true,"href":"https:\/\/consadelaide.esteri.it\/it\/wp-json\/wp\/v2\/comments?post=74"}],"version-history":[{"count":2,"href":"https:\/\/consadelaide.esteri.it\/it\/wp-json\/wp\/v2\/pages\/74\/revisions"}],"predecessor-version":[{"id":5275,"href":"https:\/\/consadelaide.esteri.it\/it\/wp-json\/wp\/v2\/pages\/74\/revisions\/5275"}],"up":[{"embeddable":true,"href":"https:\/\/consadelaide.esteri.it\/it\/wp-json\/wp\/v2\/pages\/10"}],"wp:attachment":[{"href":"https:\/\/consadelaide.esteri.it\/it\/wp-json\/wp\/v2\/media?parent=74"}],"curies":[{"name":"wp","href":"https:\/\/api.w.org\/{rel}","templated":true}]}}