{"id":73,"date":"2023-01-03T17:07:22","date_gmt":"2023-01-03T16:07:22","guid":{"rendered":"https:\/\/consadelaide.esteri.it\/?page_id=73"},"modified":"2024-08-28T11:55:05","modified_gmt":"2024-08-28T02:25:05","slug":"contatti","status":"publish","type":"page","link":"https:\/\/consadelaide.esteri.it\/it\/chi-siamo\/contatti\/","title":{"rendered":"Contatti"},"content":{"rendered":"<p><strong>Telefono:<\/strong>\u00a0(+61 8) 83370777<\/p>\n<p>Si informa l\u2019utenza che l\u2019orario di attenzione telefonica \u00e8 il <b>marted\u00ec<\/b>, <b>gioved\u00ec<\/b>\u00a0e <b>venerd\u00ec<\/b> dalle ore 13.30 alle ore 14.30.<\/p>\n<p>***Per assistenza pensionistica e sulle pratiche INPS, contattare i patronati\u00a0<a href=\"https:\/\/consadelaide.esteri.it\/it\/servizi-consolari-e-visti\/servizi-per-il-cittadino-italiano\/pensioni-e-sicurezza-sociale\/\">ai numeri qui indicati<\/a>***<\/p>\n<p>&nbsp;<\/p>\n<p><strong>E-mail<\/strong><\/p>\n<p>Per informazioni generali sui servizi consolari (<strong>passaporti<\/strong>, <strong>cittadinanza<\/strong> e <strong>servizi notarili<\/strong>):<\/p>\n<p><a href=\"mailto:consolato.adelaide@esteri.it\">consolato.adelaide@esteri.it<\/a><\/p>\n<p>Per informazioni <strong><span style=\"text-decoration: underline;\">SOLO<\/span><\/strong> sui <strong>visti (Schengen e Nazionali)<\/strong>:<\/p>\n<p><a href=\"mailto:adelaide.visti@esteri.it\">adelaide.visti@esteri.it<\/a><\/p>\n<p>Indirizzo della sezione amministrativo-contabile:<\/p>\n<p><a href=\"mailto:adelaide.amministrativo@esteri.it\">adelaide.amministrativo@esteri.it<\/a><\/p>\n<p>&nbsp;<\/p>\n","protected":false},"excerpt":{"rendered":"Telefono:\u00a0(+61 8) 83370777 Si informa l\u2019utenza che l\u2019orario di attenzione telefonica \u00e8 il marted\u00ec, gioved\u00ec\u00a0e venerd\u00ec dalle ore 13.30 alle ore 14.30. ***Per assistenza pensionistica e sulle pratiche INPS, contattare i patronati\u00a0ai numeri qui indicati*** &nbsp; E-mail Per informazioni generali sui servizi consolari (passaporti, cittadinanza e servizi notarili): consolato.adelaide@esteri.it Per informazioni SOLO sui visti (Schengen [&hellip;]","protected":false},"author":3,"featured_media":0,"parent":10,"menu_order":6,"comment_status":"closed","ping_status":"closed","template":"","meta":{"footnotes":""},"class_list":["post-73","page","type-page","status-publish","hentry"],"_links":{"self":[{"href":"https:\/\/consadelaide.esteri.it\/it\/wp-json\/wp\/v2\/pages\/73","targetHints":{"allow":["GET"]}}],"collection":[{"href":"https:\/\/consadelaide.esteri.it\/it\/wp-json\/wp\/v2\/pages"}],"about":[{"href":"https:\/\/consadelaide.esteri.it\/it\/wp-json\/wp\/v2\/types\/page"}],"author":[{"embeddable":true,"href":"https:\/\/consadelaide.esteri.it\/it\/wp-json\/wp\/v2\/users\/3"}],"replies":[{"embeddable":true,"href":"https:\/\/consadelaide.esteri.it\/it\/wp-json\/wp\/v2\/comments?post=73"}],"version-history":[{"count":5,"href":"https:\/\/consadelaide.esteri.it\/it\/wp-json\/wp\/v2\/pages\/73\/revisions"}],"predecessor-version":[{"id":3653,"href":"https:\/\/consadelaide.esteri.it\/it\/wp-json\/wp\/v2\/pages\/73\/revisions\/3653"}],"up":[{"embeddable":true,"href":"https:\/\/consadelaide.esteri.it\/it\/wp-json\/wp\/v2\/pages\/10"}],"wp:attachment":[{"href":"https:\/\/consadelaide.esteri.it\/it\/wp-json\/wp\/v2\/media?parent=73"}],"curies":[{"name":"wp","href":"https:\/\/api.w.org\/{rel}","templated":true}]}}