{"id":434,"date":"2023-01-16T00:01:37","date_gmt":"2023-01-15T23:01:37","guid":{"rendered":"https:\/\/consadelaide.esteri.it\/?page_id=434"},"modified":"2025-06-19T10:12:00","modified_gmt":"2025-06-19T00:42:00","slug":"sistema-pubblico-di-identita-digitale-spid-come-richiederlo","status":"publish","type":"page","link":"https:\/\/consadelaide.esteri.it\/it\/chi-siamo\/contatti\/informazioni-utili\/sistema-pubblico-di-identita-digitale-spid-come-richiederlo\/","title":{"rendered":"Sistema Pubblico di Identit\u00e0 Digitale (SPID) &#8211; come richiederlo"},"content":{"rendered":"<p style=\"text-align: justify;\">Il <strong>Sistema Pubblico di Identit\u00e0 Digitale (SPID)<\/strong>\u00a0si sta affermando come principale strumento di identificazione online per il cittadino e per le imprese nei rapporti con la Pubblica Amministrazione. L&#8217;identit\u00e0 SPID \u00e8 inoltre la chiave di accesso ai servizi pubblici erogati degli Stati membri dell&#8217;Unione europea che hanno aderito al nodo eIDAS, che mira a promuovere l&#8217;interoperabilit\u00e0 dei sistemi nazionali di identificazione &#8211; EID &#8211; per cittadini e imprese nei diversi Stati membri.<\/p>\n<p style=\"text-align: justify;\">Come noto,\u00a0<strong>le credenziali SPID<\/strong>\u00a0possono essere richieste agli Identity Provider abilitati\u00a0<strong>dai cittadini italiani maggiorenni purch\u00e9 dotati di un documento di identit\u00e0 e di un codice fiscale italiani in corso di validit\u00e0<\/strong>\u00a0(incluso il certificato prodotto dall&#8217;Agenzia delle Entrate contenente il codice fiscale, vidimato dall&#8217;ufficio consolare), nonch\u00e9 di un indirizzo di posta elettronica ed un numero di cellulare.<\/p>\n<p style=\"text-align: justify;\"><strong>Il rilascio delle credenziali \u00e8 gratuito<\/strong>, salvo che per alcune modalit\u00e0 di riconoscimento, che possono essere a pagamento. L&#8217;ottenimento delle credenziali SPID \u00e8 infatti subordinato ad un processo di riconoscimento del richiedente da parte dell&#8217;Identity Provider, che pu\u00f2 avvenire di persona presso gli sportelli abilitati sul territorio italiano, online tramite registrazione con carta CNS, Carta di Identit\u00e0 Elettronica o Passaporto biometrico, o tramite videochiamata.<\/p>\n<p style=\"text-align: justify;\">Tutte le informazioni su dove e come chiedere le tue credenziali SPID sono reperibili sul sito <a href=\"https:\/\/www.spid.gov.it\/cos-e-spid\/come-attivare-spid\/\">https:\/\/www.spid.gov.it\/cos-e-spid\/come-attivare-spid\/\u00a0<\/a><\/p>\n<p style=\"text-align: justify;\">Una volta ottenute le credenziali SPID, non sar\u00e0 pi\u00f9 necessario effettuare la registrazione al portale FAST IT, ma potrai accedere direttamente ai servizi forniti dal sito semplicemente fornendo le tue credenziali SPID.<\/p>\n<p style=\"text-align: justify;\"><strong>Per ulteriori informazioni si rimanda al sito istituzionale\u00a0<a href=\"http:\/\/www.spid.gov.it\/\">www.spid.gov.it<\/a>\u00a0e alla pagina dedicata del MAECI\u00a0<a href=\"https:\/\/www.esteri.it\/it\/servizi-consolari-e-visti\/italiani-all-estero\/spid\/\">https:\/\/www.esteri.it\/it\/servizi-consolari-e-visti\/italiani-all-estero\/spid\/<\/a>.<\/strong><\/p>\n","protected":false},"excerpt":{"rendered":"Il Sistema Pubblico di Identit\u00e0 Digitale (SPID)\u00a0si sta affermando come principale strumento di identificazione online per il cittadino e per le imprese nei rapporti con la Pubblica Amministrazione. L&#8217;identit\u00e0 SPID \u00e8 inoltre la chiave di accesso ai servizi pubblici erogati degli Stati membri dell&#8217;Unione europea che hanno aderito al nodo eIDAS, che mira a promuovere [&hellip;]","protected":false},"author":4,"featured_media":0,"parent":334,"menu_order":14,"comment_status":"closed","ping_status":"closed","template":"","meta":{"footnotes":""},"class_list":["post-434","page","type-page","status-publish","hentry"],"_links":{"self":[{"href":"https:\/\/consadelaide.esteri.it\/it\/wp-json\/wp\/v2\/pages\/434","targetHints":{"allow":["GET"]}}],"collection":[{"href":"https:\/\/consadelaide.esteri.it\/it\/wp-json\/wp\/v2\/pages"}],"about":[{"href":"https:\/\/consadelaide.esteri.it\/it\/wp-json\/wp\/v2\/types\/page"}],"author":[{"embeddable":true,"href":"https:\/\/consadelaide.esteri.it\/it\/wp-json\/wp\/v2\/users\/4"}],"replies":[{"embeddable":true,"href":"https:\/\/consadelaide.esteri.it\/it\/wp-json\/wp\/v2\/comments?post=434"}],"version-history":[{"count":1,"href":"https:\/\/consadelaide.esteri.it\/it\/wp-json\/wp\/v2\/pages\/434\/revisions"}],"predecessor-version":[{"id":5631,"href":"https:\/\/consadelaide.esteri.it\/it\/wp-json\/wp\/v2\/pages\/434\/revisions\/5631"}],"up":[{"embeddable":true,"href":"https:\/\/consadelaide.esteri.it\/it\/wp-json\/wp\/v2\/pages\/334"}],"wp:attachment":[{"href":"https:\/\/consadelaide.esteri.it\/it\/wp-json\/wp\/v2\/media?parent=434"}],"curies":[{"name":"wp","href":"https:\/\/api.w.org\/{rel}","templated":true}]}}