{"id":388,"date":"2023-01-12T01:44:08","date_gmt":"2023-01-12T00:44:08","guid":{"rendered":"https:\/\/consadelaide.esteri.it\/?page_id=388"},"modified":"2024-11-27T15:58:23","modified_gmt":"2024-11-27T05:28:23","slug":"messaggio-del-console","status":"publish","type":"page","link":"https:\/\/consadelaide.esteri.it\/it\/chi-siamo\/il-console\/messaggio-del-console\/","title":{"rendered":"Messaggio del Console"},"content":{"rendered":"<p style=\"text-align: justify;\">Desidero estendere i miei pi\u00f9 cordiali saluti alla Comunit\u00e0 italiana, alle Autorit\u00e0 locali e a tutti coloro che contribuiscono agli ottimi rapporti tra Italia e l\u2019Australia Meridionale.<\/p>\n<p style=\"text-align: justify;\">\u00c8 un grande onore per me servire l\u2019Italia in un contesto cos\u00ec stimolante, di indiscusso rilievo economico e culturale e sede di rinomate Istituzioni scientifiche e poli tecnologici di eccellenza.<br \/>\nSar\u00e0 fondamentale, a questo riguardo, continuare a lavorare per rafforzare ulteriormente la cooperazione bilaterale in tali ambiti, in piena sinergia con l\u2019azione portata avanti dall\u2019Ambasciata d\u2019Italia a Canberra.<\/p>\n<p style=\"text-align: justify;\">Altrettanto cruciale sar\u00e0 continuare a fornire servizi consolari sempre pi\u00f9 efficienti ed efficaci, sia per i connazionali che per i cittadini australiani interessati a visitare, studiare, vivere o fare affari in Italia.<\/p>\n<p style=\"text-align: justify;\">Nel portare avanti il mio mandato, con entusiasmo e passione, desidero dedicare la massima attenzione alla promozione dell&#8217;identit\u00e0 culturale italiana in SA.<\/p>\n<p style=\"text-align: justify;\">\n","protected":false},"excerpt":{"rendered":"Desidero estendere i miei pi\u00f9 cordiali saluti alla Comunit\u00e0 italiana, alle Autorit\u00e0 locali e a tutti coloro che contribuiscono agli ottimi rapporti tra Italia e l\u2019Australia Meridionale. \u00c8 un grande onore per me servire l\u2019Italia in un contesto cos\u00ec stimolante, di indiscusso rilievo economico e culturale e sede di rinomate Istituzioni scientifiche e poli tecnologici [&hellip;]","protected":false},"author":6,"featured_media":0,"parent":70,"menu_order":0,"comment_status":"closed","ping_status":"closed","template":"","meta":{"footnotes":""},"class_list":["post-388","page","type-page","status-publish","hentry"],"_links":{"self":[{"href":"https:\/\/consadelaide.esteri.it\/it\/wp-json\/wp\/v2\/pages\/388","targetHints":{"allow":["GET"]}}],"collection":[{"href":"https:\/\/consadelaide.esteri.it\/it\/wp-json\/wp\/v2\/pages"}],"about":[{"href":"https:\/\/consadelaide.esteri.it\/it\/wp-json\/wp\/v2\/types\/page"}],"author":[{"embeddable":true,"href":"https:\/\/consadelaide.esteri.it\/it\/wp-json\/wp\/v2\/users\/6"}],"replies":[{"embeddable":true,"href":"https:\/\/consadelaide.esteri.it\/it\/wp-json\/wp\/v2\/comments?post=388"}],"version-history":[{"count":2,"href":"https:\/\/consadelaide.esteri.it\/it\/wp-json\/wp\/v2\/pages\/388\/revisions"}],"predecessor-version":[{"id":4088,"href":"https:\/\/consadelaide.esteri.it\/it\/wp-json\/wp\/v2\/pages\/388\/revisions\/4088"}],"up":[{"embeddable":true,"href":"https:\/\/consadelaide.esteri.it\/it\/wp-json\/wp\/v2\/pages\/70"}],"wp:attachment":[{"href":"https:\/\/consadelaide.esteri.it\/it\/wp-json\/wp\/v2\/media?parent=388"}],"curies":[{"name":"wp","href":"https:\/\/api.w.org\/{rel}","templated":true}]}}