{"id":360,"date":"2023-01-10T07:17:06","date_gmt":"2023-01-10T06:17:06","guid":{"rendered":"https:\/\/consadelaide.esteri.it\/?page_id=360"},"modified":"2025-06-10T10:11:07","modified_gmt":"2025-06-10T00:41:07","slug":"elenco-degli-avvocati-di-riferimento","status":"publish","type":"page","link":"https:\/\/consadelaide.esteri.it\/it\/chi-siamo\/contatti\/informazioni-utili\/elenco-degli-avvocati-di-riferimento\/","title":{"rendered":"Elenco degli avvocati di riferimento"},"content":{"rendered":"<p style=\"text-align: justify;\">Si riportano di seguito i nominativi e recapiti di alcuni professionisti di riferimento di cui potersi avvalere in caso di necessit\u00e0, ferma restando naturalmente la possibilit\u00e0 di rivolgersi ad altri professionisti di propria fiducia.<\/p>\n<p style=\"text-align: justify;\">Si precisa che detto elenco \u00e8 stato definito in base alle richieste d\u2019inserimento avanzate dagli stessi professionisti e deve quindi considerarsi aperto e non esaustivo, nel senso che potr\u00e0 in futuro annoverare altri nominativi.<\/p>\n<p style=\"text-align: justify;\">Si sottolinea che questa Sede non risponde della qualit\u00e0 del servizio prestato dagli stessi, del loro operato e delle tariffe praticate.<\/p>\n<p><span style=\"text-decoration: underline;\"><strong>ULTIMO AGGIORNAMENTO: 30 GENNAIO 2025<br \/>\n<\/strong><\/span><\/p>\n<p><strong>MARK QUAGLIA<\/strong><\/p>\n<p>BSG Lawyers<\/p>\n<p>Suite 8, 70 Walkervillle Tce Walkerville, SA 5081<\/p>\n<p>Mob. 0438650558 \/ Ph. (08) 8342 1388<\/p>\n<p><a href=\"mailto:mark@bsglawyers.com\">mark@bsglawyers.com<\/a>\u00a0\/\u00a0<a href=\"http:\/\/www.bsglawyers.com\/\">www.bsglawyers.com<\/a><\/p>\n<p>Practice areas:<\/p>\n<p>Family Law \/ Divorce Law \/ De Facto Relationships \/ Same Sex Relationships \/ Criminal Law \/ Defamation Law \/ Business Law \/ Personal Injury \/ Wills \/ Estates \/ Business Law \/ Migration Law \/ Notary Public<\/p>\n<p>_______________________________________________________________<\/p>\n<p><strong>LORENZO MAZZOCCHETTI<\/strong><\/p>\n<p>Mazzocchetti Legal<\/p>\n<p>Mob. 04 13 14 33 14<\/p>\n<p>Ph. (08) 8120 0262<\/p>\n<p><a href=\"http:\/\/www.mazzocchettilegal.com.au\/\">www.MazzocchettiLegal.com.au<\/a><\/p>\n<p>Practice areas:<\/p>\n<p>Notary Public \/ Italian Law \/ Contacts with an Italian Law firm \/ Property \/ Wills &amp; Estates<\/p>\n<p style=\"text-align: justify;\">I professionisti individuati soddisfano i seguenti requisiti minimi:<\/p>\n<p style=\"text-align: justify;\">1) Conoscenza della lingua italiana oltre a quella locale e\/o approfondita conoscenza della legislazione locale e italiana nello specifico settore di attivit\u00e0 ovvero rapporti di associazione o collaborazione con analoghi studi in Italia.;<\/p>\n<p style=\"text-align: justify;\">2) Abilitazione legale all\u2019esercizio della professione e iscrizione nel relativo Albo e\/o Ordine professionale;<\/p>\n<p style=\"text-align: justify;\">Si precisa che ci si \u00e8 limitati ad inserire nell\u2019elenco i professionisti che ne hanno fatto esplicita richiesta.<\/p>\n<p><strong>PROCEDURA DI INSERIMENTO DI NUOVI STUDI LEGALI DI RIFERIMENTO<\/strong><\/p>\n<p>I professionisti che intendano essere inseriti nel predetto elenco dovranno inviare apposita richiesta a questo Consolato\u00a0<a href=\"https:\/\/consadelaide.esteri.it\/consolato_adelaide\/resource\/doc\/2021\/04\/2-richiesta_inserimento_elenco_avvocati.docx\">utilizzando il seguente modulo<\/a>, corredandola di:<\/p>\n<p>&#8211; Iscrizione all\u2019Albo e\/o Ordine professionale;<\/p>\n<p>&#8211; Certificato attestante l\u2019assenza di carichi penali;<\/p>\n<p>&#8211; Curriculum professionale;<\/p>\n<p>&#8211; Copia di un documento di identit\u00e0.<\/p>\n<p><strong>Il Consolato\u00a0si riserva di accertare il possesso dei predetti requisiti.<\/strong><\/p>\n<p>I richiedenti dovranno altres\u00ec confermare di presa visione\u00a0<a href=\"https:\/\/consadelaide.esteri.it\/consolato_adelaide\/resource\/doc\/2021\/04\/3-informativa_ai_fini_dellinserimento_nellelenco_degli_avvocati_di_riferimento.docx\">dell\u2019informativa sulla protezione dei dati personali<\/a>\u00a0autorizzando il Consolato al trattamento dei loro dati ai fini della diffusione al pubblico.<\/p>\n","protected":false},"excerpt":{"rendered":"Si riportano di seguito i nominativi e recapiti di alcuni professionisti di riferimento di cui potersi avvalere in caso di necessit\u00e0, ferma restando naturalmente la possibilit\u00e0 di rivolgersi ad altri professionisti di propria fiducia. Si precisa che detto elenco \u00e8 stato definito in base alle richieste d\u2019inserimento avanzate dagli stessi professionisti e deve quindi considerarsi [&hellip;]","protected":false},"author":4,"featured_media":0,"parent":334,"menu_order":10,"comment_status":"closed","ping_status":"closed","template":"","meta":{"footnotes":""},"class_list":["post-360","page","type-page","status-publish","hentry"],"_links":{"self":[{"href":"https:\/\/consadelaide.esteri.it\/it\/wp-json\/wp\/v2\/pages\/360","targetHints":{"allow":["GET"]}}],"collection":[{"href":"https:\/\/consadelaide.esteri.it\/it\/wp-json\/wp\/v2\/pages"}],"about":[{"href":"https:\/\/consadelaide.esteri.it\/it\/wp-json\/wp\/v2\/types\/page"}],"author":[{"embeddable":true,"href":"https:\/\/consadelaide.esteri.it\/it\/wp-json\/wp\/v2\/users\/4"}],"replies":[{"embeddable":true,"href":"https:\/\/consadelaide.esteri.it\/it\/wp-json\/wp\/v2\/comments?post=360"}],"version-history":[{"count":4,"href":"https:\/\/consadelaide.esteri.it\/it\/wp-json\/wp\/v2\/pages\/360\/revisions"}],"predecessor-version":[{"id":5473,"href":"https:\/\/consadelaide.esteri.it\/it\/wp-json\/wp\/v2\/pages\/360\/revisions\/5473"}],"up":[{"embeddable":true,"href":"https:\/\/consadelaide.esteri.it\/it\/wp-json\/wp\/v2\/pages\/334"}],"wp:attachment":[{"href":"https:\/\/consadelaide.esteri.it\/it\/wp-json\/wp\/v2\/media?parent=360"}],"curies":[{"name":"wp","href":"https:\/\/api.w.org\/{rel}","templated":true}]}}