{"id":2432,"date":"2023-12-06T10:16:20","date_gmt":"2023-12-05T23:46:20","guid":{"rendered":"https:\/\/consadelaide.esteri.it\/?page_id=2432"},"modified":"2026-03-02T15:23:17","modified_gmt":"2026-03-02T04:53:17","slug":"carta-didentita-elettronica-cie","status":"publish","type":"page","link":"https:\/\/consadelaide.esteri.it\/it\/servizi-consolari-e-visti\/servizi-per-il-cittadino-italiano\/carta-didentita-elettronica-cie\/","title":{"rendered":"Carta d&#8217;identit\u00e0 elettronica &#8211; CIE"},"content":{"rendered":"<p>La\u00a0<strong>Carta di Identit\u00e0 Elettronica<\/strong>\u00a0(<strong>CIE<\/strong>) \u00e8 il documento d\u2019identit\u00e0 dei cittadini italiani emesso dal Ministero dell\u2019Interno e prodotto dal Poligrafico e Zecca dello Stato che, grazie a sofisticati elementi di sicurezza e anticontraffazione, permette l\u2019accertamento dell\u2019identit\u00e0 del possessore e l\u2019accesso ai servizi online della Pubblica Amministrazione. La CIE \u00e8 dotata anche di una componente elettronica che rappresenta l\u2019identit\u00e0 digitale del cittadino. Per informazioni pi\u00f9 dettagliate si consiglia di consultare il seguente sito web <a href=\"https:\/\/www.cartaidentita.interno.gov.it\/\">Carta di Identit\u00e0 Elettronica (CIE) &#8211; Funziona, semplicemente (interno.gov.it)<\/a><\/p>\n<p>Negli Stati dello Spazio Schengen (UE + Islanda, Norvegia, Svizzera e Liechtenstein) e in quelli in cui vigono particolari accordi internazionali la CIE equivale al passaporto ai fini dell\u2019espatrio.<\/p>\n<p><strong>A decorrere dal 1\u00b0 giugno 2026<\/strong> il cittadino <strong>iscritto all\u2019 AIRE<\/strong> pu\u00f2\u00a0presentare domanda per il <strong>rilascio della CIE<\/strong> (carta d\u2019identit\u00e0 elettronica) <strong>presso qualsiasi Comune italiano<\/strong>. La carta d\u2019identit\u00e0 sar\u00e0 consegnata con le medesime modalit\u00e0 previste in caso di domanda presentata tramite l\u2019Ufficio consolare.<\/p>\n<p><strong>\u00a0<\/strong><strong>REQUISITI OBBLIGATORI PER RICHIEDERE LA CARTA D\u2019IDENTITA\u2019 ELETTRONICA:<\/strong><\/p>\n<p>Ai fini dell\u2019emissione della CIE \u00e8 indispensabile che il richiedente:<\/p>\n<ol>\n<li style=\"text-align: justify;\">Sia cittadino italiano<\/li>\n<li style=\"text-align: justify;\">Sia residente nello Stato del <span style=\"text-decoration: underline;\"><strong>SOUTH AUSTRALIA<\/strong><\/span><\/li>\n<li style=\"text-align: justify;\">Sia iscritto all\u2019Anagrafe degli Italiani Residenti all\u2019Estero;\u00a0Per maggiori informazioni sull\u2019AIRE cliccare\u00a0<a href=\"https:\/\/consadelaide.esteri.it\/it\/servizi-consolari-e-visti\/servizi-per-il-cittadino-italiano\/anagrafe-degli-italiani-residenti-allestero-aire\/\">QUI<\/a><\/li>\n<li style=\"text-align: justify;\">Abbia l\u2019atto di nascita trascritto in Italia, in quanto gli estremi della trascrizione devono essere riportati sulla CIE;\u00a0Per maggiori informazioni cliccare<a href=\"https:\/\/consadelaide.esteri.it\/it\/servizi-consolari-e-visti\/servizi-per-il-cittadino-italiano\/stato-civile\/\"> QUI\u00a0<\/a><\/li>\n<li style=\"text-align: justify;\">Abbia il Codice Fiscale validato da parte dell\u2019Agenzia delle Entrate e del comune italiano di riferimento.\u00a0 Per chi\u00a0 non \u00e8 in possesso del Codice fiscale sar\u00e0 cura di questo Consolato richiederlo d\u2019ufficio;\u00a0Per maggiori\u00a0 informazioni cliccare <a href=\"https:\/\/consadelaide.esteri.it\/it\/servizi-consolari-e-visti\/servizi-per-il-cittadino-italiano\/codice-fiscale\/\">QUI\u00a0<\/a><\/li>\n<li style=\"text-align: justify;\">Abbia aggiornato la sua posizione negli schedari consolari nel caso di cambio d\u2019indirizzo, variazione dello stato civile o nascita di figli. In questo caso, prima di richiedere un appuntamento per la carta d\u2019identit\u00e0, sar\u00e0 necessario completare l\u2019aggiornamento seguendo la procedura indicata per ciascun servizio nelle relative sezioni del nostro sito; Per informazioni cliccare <a href=\"https:\/\/consadelaide.esteri.it\/it\/servizi-consolari-e-visti\/servizi-per-il-cittadino-italiano\/codice-fiscale\/\">QUI<\/a><\/li>\n<\/ol>\n<ol>\n<li><strong>MODALIT\u00c0 DI RICHIESTA DELLA CARTA D\u2019IDENTIT\u00c0 ELETTRONICA:<\/strong><\/li>\n<\/ol>\n<p><strong>Per richiedere il rilascio della carta d\u2019identit\u00e0 elettronica \u00e8 necessario prenotare un appuntamento utilizzando la piattaforma\u00a0<a href=\"https:\/\/prenotami.esteri.it\/\">Prenot@mi<\/a>.<\/strong><\/p>\n<p>Sulla piattaforma\u00a0<a href=\"https:\/\/prenotami.esteri.it\/\">Prenot@mi<\/a>\u00a0\u00e8 possibile effettuare una prenotazione singola oppure una prenotazione multipla da un unico account (\u00e8 possibile inserire\u00a0al massimo un richiedente aggiuntivo). Quando un genitore desidera prendere un\u00a0appuntamento per il figlio minorenne (sia in caso di prenotazione singola che multipla), \u00e8 pregato di compilare il formulario a nome del\u00a0figlio.<\/p>\n<p><strong>Per le donne coniugate<\/strong>:\u00a0inserire le generalit\u00e0 anagrafiche da nubile. NON pu\u00f2 essere indicato il nome o cognome del marito.<\/p>\n<p>Dal momento della richiesta alla data fissata per l\u2019appuntamento trascorrono\u00a0<strong>almeno 15 giorni<\/strong>, necessari per consentire all\u2019ufficio consolare di effettuare il controllo dei dati anagrafici e verificare che non sussistano cause ostative al rilascio del documento. Se a seguito delle verifiche emergessero elementi ostativi al rilascio della CIE, sar\u00e0 cura di questo Consolato informarne l\u2019interessato anche ai fini della cancellazione dell\u2019appuntamento.<\/p>\n<p><strong>La presenza del richiedente e\/o del titolare della carta richiesta \u00e8 obbligatoria al momento dell\u2019appuntamento <\/strong>poich\u00e9 saranno acquisiti i dati biometrici (impronte digitali) e verr\u00e0 validato il dossier.<\/p>\n<p>&nbsp;<\/p>\n<p><strong>2. DOCUMENTAZIONE RICHIESTA PER IL RILASCIO DELLA CARTA D\u2019IDENTIT\u00c0 ELETTRONICA:<\/strong><\/p>\n<ul>\n<li>Una fototessera (per maggiori informazioni vedi le <a href=\"https:\/\/www.esteri.it\/it\/servizi-consolari-e-visti\/italiani-all-estero\/documenti_di_viaggio\/linee-guida-foto-icao\/\">Linee guida foto ICAO<\/a>);<\/li>\n<li>Precedente carta di identit\u00e0 oppure altro documento di riconoscimento (anche se scaduti) o due testimoni; I possessori di una carta di identit\u00e0 cartacea (CIC) dovranno portarla in Consolato al fine dell&#8217;annullamento (la carta sar\u00e0 bucata e verr\u00e0 apposto il timbro ANNULLATA)<\/li>\n<li><strong>Atto di assenso di entrambi genitori\u00a0<\/strong>nel caso in cui il richiedente sia un minore di 18 anni;<\/li>\n<li>Prova dell\u2019indirizzo di residenza in Sud Australia<\/li>\n<\/ul>\n<p><strong>3. VALIDIT\u00c0 DELLA CARTA D\u2019IDENTIT\u00c0 ELETTRONICA:<\/strong><\/p>\n<p>La validit\u00e0 della CIE varia a seconda all\u2019et\u00e0 del titolare:<\/p>\n<ul>\n<li>3 anni per minori di et\u00e0 inferiore a 3 anni;<\/li>\n<li>5 anni per i minori di et\u00e0 compresa tra i 3 e i 18 anni;<\/li>\n<li>10 anni per i maggiorenni.<\/li>\n<\/ul>\n<p><strong>4.\u00a0 <\/strong><strong>SPEDIZIONE DELLA CARTA D\u2019IDENTIT\u00c0 ELETTRONICA:<\/strong><\/p>\n<p><strong>La CIE non \u00e8 rilasciata il giorno dell\u2019appuntamento<\/strong>: sar\u00e0 inviata dall\u2019Italia tramite raccomandata, a cura dell\u2019Istituto Poligrafico e Zecca dello Stato, direttamente all\u2019indirizzo prescelto dal richiedente. Il richiedente potr\u00e0 verificare il tracciamento della spedizione sul sito di Poste italiane\u00a0<a href=\"https:\/\/www.poste.it\/prodotti\/raccomandata.html\">https:\/\/www.poste.it\/prodotti\/raccomandata.html<\/a>: cliccare su \u201cCerca spedizioni\u201d e inserire il numero di raccomandata fornito<\/p>\n<p>In caso di mancata consegna per indirizzo errato, \u00e8 prevista una giacenza di 30 giorni presso l\u2019ufficio postale locale. Al termine di questo periodo il plico verr\u00e0 restituito al Consolato che contatter\u00e0 il connazionale per il ritiro.<\/p>\n<p><strong>5. COSTI<\/strong><\/p>\n<p>L\u2019ammontare del costo della CIE \u00e8 indicato sul\u00a0<a href=\"https:\/\/consadelaide.esteri.it\/it\/chi-siamo\/contatti\/informazioni-utili\/costi-servizi-consolari\/10.41.13.20\/ufficio\/SITO%20WEB\/HOW%20TO\/Costi%20servizi%20consolari%20\u2013%20Consolato%20d'Italia%20Adelaide%20(esteri.it)\">tariffario dei servizi consolari<\/a><\/p>\n<p>Per RILASCIO si intende la prima emissione della CIE.<\/p>\n<p>Per DUPLICATO si intende il rilascio di una nuova CIE in sostituzione della precedente CIE nei casi in cui venga smarrita, rubata, deteriorata o richiesta prima dei 180 giorni dalla scadenza.<\/p>\n<p><strong>6. IMPORTANTE!<\/strong><\/p>\n<p>I possessori di una CIE in scadenza potranno rinnovarla a partire da 180 giorni (6 mesi) dalla scadenza.<\/p>\n<p>I possessori di una Carta di identit\u00e0 cartacea (CIC) potranno rinnovarla anche prima di 180 dalla scadenza. Le CIC a partire dal 3 agosto 2026 cesseranno di essere valide sulla base del Regolamento (UE) 2019\/1157 (capo II, articolo 5).<\/p>\n","protected":false},"excerpt":{"rendered":"La\u00a0Carta di Identit\u00e0 Elettronica\u00a0(CIE) \u00e8 il documento d\u2019identit\u00e0 dei cittadini italiani emesso dal Ministero dell\u2019Interno e prodotto dal Poligrafico e Zecca dello Stato che, grazie a sofisticati elementi di sicurezza e anticontraffazione, permette l\u2019accertamento dell\u2019identit\u00e0 del possessore e l\u2019accesso ai servizi online della Pubblica Amministrazione. La CIE \u00e8 dotata anche di una componente elettronica che [&hellip;]","protected":false},"author":6,"featured_media":0,"parent":80,"menu_order":5,"comment_status":"closed","ping_status":"closed","template":"","meta":{"footnotes":""},"class_list":["post-2432","page","type-page","status-publish","hentry"],"_links":{"self":[{"href":"https:\/\/consadelaide.esteri.it\/it\/wp-json\/wp\/v2\/pages\/2432","targetHints":{"allow":["GET"]}}],"collection":[{"href":"https:\/\/consadelaide.esteri.it\/it\/wp-json\/wp\/v2\/pages"}],"about":[{"href":"https:\/\/consadelaide.esteri.it\/it\/wp-json\/wp\/v2\/types\/page"}],"author":[{"embeddable":true,"href":"https:\/\/consadelaide.esteri.it\/it\/wp-json\/wp\/v2\/users\/6"}],"replies":[{"embeddable":true,"href":"https:\/\/consadelaide.esteri.it\/it\/wp-json\/wp\/v2\/comments?post=2432"}],"version-history":[{"count":6,"href":"https:\/\/consadelaide.esteri.it\/it\/wp-json\/wp\/v2\/pages\/2432\/revisions"}],"predecessor-version":[{"id":6983,"href":"https:\/\/consadelaide.esteri.it\/it\/wp-json\/wp\/v2\/pages\/2432\/revisions\/6983"}],"up":[{"embeddable":true,"href":"https:\/\/consadelaide.esteri.it\/it\/wp-json\/wp\/v2\/pages\/80"}],"wp:attachment":[{"href":"https:\/\/consadelaide.esteri.it\/it\/wp-json\/wp\/v2\/media?parent=2432"}],"curies":[{"name":"wp","href":"https:\/\/api.w.org\/{rel}","templated":true}]}}