{"id":171,"date":"2023-01-03T18:05:40","date_gmt":"2023-01-03T17:05:40","guid":{"rendered":"https:\/\/consadelaide.esteri.it\/?page_id=171"},"modified":"2026-03-03T09:36:14","modified_gmt":"2026-03-02T23:06:14","slug":"anagrafe-degli-italiani-residenti-allestero-aire","status":"publish","type":"page","link":"https:\/\/consadelaide.esteri.it\/it\/servizi-consolari-e-visti\/servizi-per-il-cittadino-italiano\/anagrafe-degli-italiani-residenti-allestero-aire\/","title":{"rendered":"Anagrafe degli Italiani residenti all\u2019estero (AIRE)"},"content":{"rendered":"<p style=\"text-align: justify;\">La legge n.470 del 1988 stabilisce che tutti i cittadini italiani che trasferiscono all&#8217;estero la loro residenza <strong>per un periodo superiore ai 12 mesi devono, entro 90 giorni dalla data di arrivo nel Paese di destinazione, fare apposita dichiarazione presso il competente Ufficio consolare e iscriversi all\u2019AIRE.<\/strong> Anche chi \u00e8 emigrato prima dell&#8217;entrata in vigore di questa legge deve iscriversi.<\/p>\n<p style=\"text-align: justify;\">Tale iscrizione \u00e8 necessaria per poter usufruire di tutti i servizi erogati dal Consolato italiano, votare per le elezioni in Italia ed evitare la doppia tassazione.<\/p>\n<p style=\"text-align: justify;\">Si ricorda che <strong>l\u2019iscrizione all\u2019AIRE \u00e8 un preciso dovere del connazionale residente all\u2019estero<\/strong> nonch\u00e9 un presupposto fondamentale per l\u2019accesso ai servizi consolari.<\/p>\n<p style=\"text-align: justify;\">In questo contesto si segnala che la Legge 30 dicembre 2023, n. 213 ha introdotto misure pi\u00f9 severe per chi, spostando anche solo di fatto la propria residenza all\u2019estero, non ottempera all\u2019iscrizione all\u2019AIRE.\u00a0Nello specifico, il novellato art. 11 della L. 1228\/1954 permette ai Comuni italiani di erogare una sanzione da 200 Euro fino ad un massimo di 1.000 Euro a persona per ogni anno di mancata iscrizione all\u2019AIRE e fino ad un massimo di 5 anni. Inoltre, l\u2019art. 1 comma 243 della Legge di Bilancio, prevede uno specifico obbligo di segnalazione al comune di iscrizione anagrafica in capo a tutte le amministrazioni pubbliche che, nell\u2019esercizio delle loro funzioni, vengano a conoscenza di elementi tali da indicare la residenza all\u2019estero, anche solo di fatto, del concittadino. Il comune di iscrizione anagrafica dovr\u00e0 comunicare all\u2019Agenzia delle Entrate le informazioni ricevute, cos\u00ec da poter dare inizio a controlli di carattere tributario.<\/p>\n<p style=\"text-align: justify;\"><span style=\"text-decoration: underline;\"><strong>L\u2019iscrizione all\u2019AIRE \u00e8 completamente gratuita.<\/strong><\/span><\/p>\n<ol>\n<li style=\"text-align: justify;\"><strong>ISCRIZIONE AIRE<\/strong><\/li>\n<li><strong>CAMBIO DI INDIRIZZO<\/strong><\/li>\n<li><strong>CANCELLAZIONE AIRE (RIMPATRIO IN ITALIA)<\/strong><\/li>\n<\/ol>\n<hr \/>\n<p>&nbsp;<\/p>\n<table class=\"table\" border=\"0\">\n<tbody>\n<tr>\n<td colspan=\"2\" bgcolor=\"yellow\"><b>1. ISCRIZIONE AIRE\u00a0 \u00a0 \u00a0 \u00a0 \u00a0 \u00a0 \u00a0 \u00a0 \u00a0 \u00a0 \u00a0 \u00a0 \u00a0 \u00a0 \u00a0 \u00a0 \u00a0 \u00a0 \u00a0 \u00a0 \u00a0 \u00a0 \u00a0 \u00a0 \u00a0 \u00a0 \u00a0 \u00a0 \u00a0 \u00a0 \u00a0 \u00a0 \u00a0 \u00a0 \u00a0 \u00a0 \u00a0 \u00a0 \u00a0 \u00a0 \u00a0 \u00a0 \u00a0 \u00a0 \u00a0 \u00a0 \u00a0 \u00a0 \u00a0 \u00a0 \u00a0 \u00a0 \u00a0 \u00a0 \u00a0 \u00a0 \u00a0 \u00a0 \u00a0 \u00a0 \u00a0 \u00a0 \u00a0 \u00a0 \u00a0 \u00a0 \u00a0 \u00a0 \u00a0 \u00a0 \u00a0 \u00a0 \u00a0 \u00a0 \u00a0 \u00a0 \u00a0 \u00a0 \u00a0 \u00a0 \u00a0 \u00a0 \u00a0 \u00a0 \u00a0 \u00a0\u00a0<\/b><\/td>\n<\/tr>\n<\/tbody>\n<\/table>\n<p style=\"text-align: justify;\"><strong>Come posso iscrivermi all&#8217;AIRE?<\/strong><\/p>\n<p style=\"text-align: justify;\">Per completare la procedura non \u00e8 necessario prenotare un appuntamento o recarsi in Consolato. E&#8217; sufficiente utilizzare il <a href=\"https:\/\/serviziconsolari.esteri.it\/home\">portale Fast-it<\/a>. E&#8217; facile, intuitivo e interamente digitale.<\/p>\n<p style=\"text-align: justify;\"><a href=\"https:\/\/serviziconsolari.esteri.it\/ScoFE\/index.sco\"><img loading=\"lazy\" decoding=\"async\" class=\"alignnone size-medium wp-image-204 img-fluid\" src=\"https:\/\/consadelaide.esteri.it\/wp-content\/uploads\/2023\/01\/fast-it-300x193.png\" alt=\"logo fast-it\" width=\"300\" height=\"193\" srcset=\"https:\/\/consadelaide.esteri.it\/wp-content\/uploads\/2023\/01\/fast-it-300x193.png 300w, https:\/\/consadelaide.esteri.it\/wp-content\/uploads\/2023\/01\/fast-it-1024x659.png 1024w, https:\/\/consadelaide.esteri.it\/wp-content\/uploads\/2023\/01\/fast-it-768x494.png 768w, https:\/\/consadelaide.esteri.it\/wp-content\/uploads\/2023\/01\/fast-it.png 1133w\" sizes=\"auto, (max-width: 300px) 100vw, 300px\" \/><\/a><\/p>\n<p style=\"text-align: justify;\">Ai fini dell&#8217;upload della richiesta, \u00e8 necessario:<\/p>\n<p style=\"text-align: justify;\">1. accedere al sito\u00a0(cliccando qui)\u00a0e completare la procedura di registrazione;<\/p>\n<p style=\"text-align: justify;\">2. cliccare su\u00a0<strong>Anagrafe consolare \/ AIRE \/ Elettorale &#8211;&gt; Richiedere l&#8217;iscrizione all&#8217;Anagrafe degli Italiani all&#8217;Estero<\/strong>, leggendo attentamente le istruzioni che compaiono a video;<\/p>\n<p style=\"text-align: justify;\">3. inserire i dati richiesti. La procedura non consente di passare alle schermate successive senza prima aver completato l&#8217;inserimento dei dati obbligatori. Si consiglia tuttavia di inserire quanti pi\u00f9 dati possibili;<\/p>\n<p style=\"text-align: justify;\">4. <strong>stampare e firmare il Formulario, da allegare<\/strong>. <strong>Allegare inoltre copia elettronica del passaporto italiano per ognuno dei membri della famiglia in possesso della cittadinanza italiana <\/strong>e la <strong>prova di residenza (a scelta fra bollette utenze, patente di guida, contratto di locazione)<\/strong>. \u00a0Qualora non si possieda un passaporto italiano, allegare il certificato di nascita\u00a0<strong>emesso dal Comune italiano. <\/strong>E&#8217; possibile accorpare pi\u00f9 documenti in un unico file, laddove necessario.<\/p>\n<p style=\"text-align: justify;\">Il servizio permette di presentare una unica richiesta per nucleo familiare. Anche in tal caso si raccomanda di non limitarsi ai campi obbligatori e di inserire quanti pi\u00f9 dati possibili, al fine di evitare il respingimento dell&#8217;istanza. Se nel nucleo familiare sono compresi figli minori si chiede la firma di entrambi genitori sulla dichiarazione, includendo copia del documento di riconoscimento dell&#8217;altro genitore.<\/p>\n<p style=\"text-align: justify;\">Una volta presentata, la domanda non s\u2019intende automaticamente accettata: verr\u00e0 comunicato in tempo reale lo stato di avanzamento e sar\u00e0 segnalato il suo completamento mediante un avviso sulla home page del sito FAST-IT. Per una descrizione sugli stati della pratica fare riferimento\u00a0<a href=\"https:\/\/serviziconsolarionline.esteri.it\/ScoFE\/static\/domande-frequenti.sco\">all\u2019apposita sezione &#8220;Domande frequenti&#8221;.<\/a><\/p>\n<p style=\"text-align: justify;\"><strong>Nota tecnica: Si accettano solo documenti pdf scansionati a 150-200dpi. Non saranno accettate foto fatte con dispositivi mobili o immagini. Tramite il portale online, \u00e8 possibile caricare 3 file pdf multipagina (fino a 1MB ciascuno).<\/strong><\/p>\n<p style=\"text-align: justify;\"><strong><em>IMPORTANTE<\/em>!<\/strong><\/p>\n<ul>\n<li style=\"text-align: justify;\">La creazione dell&#8217;utenza in Fast It NON COMPORTA l&#8217;iscrizione\/aggiornamento AIRE.<\/li>\n<li style=\"text-align: justify;\">I dati inseriti devono rispecchiare ESATTAMENTE quelli riportati sul passaporto italiano<\/li>\n<li style=\"text-align: justify;\">Se non si possiede un passaporto italiano i dati devono rispecchiare ESATTAMENTE quelli riportati sull&#8217;atto di nascita originale<\/li>\n<li style=\"text-align: justify;\">Eventuali secondi nomi devono essere inseriti nel campo &#8220;NOME&#8221;<\/li>\n<li style=\"text-align: justify;\">Le date inserite devono essere in formato europeo GIORNO \/ MESE \/ ANNO<\/li>\n<li style=\"text-align: justify;\">L\u2019unica firma accettabile \u00e8 quella autografa.<\/li>\n<\/ul>\n<hr \/>\n<p>&nbsp;<\/p>\n<table class=\"table\" border=\"0\">\n<tbody>\n<tr>\n<td colspan=\"2\" bgcolor=\"yellow\"><b>2. CAMBIO DI INDIRIZZO\u00a0 \u00a0 \u00a0 \u00a0 \u00a0 \u00a0 \u00a0 \u00a0 \u00a0 \u00a0 \u00a0 \u00a0 \u00a0 \u00a0 \u00a0 \u00a0 \u00a0 \u00a0 \u00a0 \u00a0 \u00a0 \u00a0 \u00a0 \u00a0 \u00a0 \u00a0 \u00a0 \u00a0 \u00a0 \u00a0 \u00a0 \u00a0 \u00a0 \u00a0 \u00a0 \u00a0 \u00a0 \u00a0 \u00a0 \u00a0 \u00a0 \u00a0 \u00a0 \u00a0 \u00a0 \u00a0 \u00a0 \u00a0 \u00a0 \u00a0 \u00a0 \u00a0 \u00a0 \u00a0 \u00a0 \u00a0 \u00a0 \u00a0 \u00a0 \u00a0 \u00a0 \u00a0 \u00a0 \u00a0 \u00a0 \u00a0 \u00a0 \u00a0 \u00a0 \u00a0 \u00a0 \u00a0 \u00a0 \u00a0 \u00a0 \u00a0 \u00a0 \u00a0 \u00a0 \u00a0 \u00a0 \u00a0 \u00a0 \u00a0 \u00a0 \u00a0 \u00a0 \u00a0 \u00a0 \u00a0 \u00a0 \u00a0 \u00a0 \u00a0 \u00a0 \u00a0 \u00a0 \u00a0 \u00a0 \u00a0 \u00a0 \u00a0<\/b><\/td>\n<\/tr>\n<\/tbody>\n<\/table>\n<p>Coloro che sono\u00a0<strong>gi\u00e0<\/strong>\u00a0iscritti all\u2019AIRE tramite questo Consolato ma hanno cambiato indirizzo, possono farlo tramite la piattaforma\u00a0<a href=\"https:\/\/serviziconsolari.esteri.it\/home\"><strong>FAST-IT<\/strong><\/a>, attenendosi scrupolosamente alle istruzioni riportate.<\/p>\n<p style=\"text-align: justify;\">E&#8217; necessario caricare:<\/p>\n<ul style=\"text-align: justify;\">\n<li>copia del proprio passaporto italiano o altro valido documento d&#8217;identit\u00e0 italiano;<\/li>\n<li>una\u00a0<strong>prova del nuovo indirizzo<\/strong> (a scelta tra patente australiana aggiornata, bolletta utenze domestiche, contratto di affitto);<\/li>\n<li style=\"text-align: justify;\">laddove il cambio di indirizzo coinvolga altri componenti del nucleo familiare, il modulo deve essere firmato dal coniuge\/convivente e accompagnato da un documento d&#8217;identit\u00e0 di ciascuno dei componenti che hanno cambiato indirizzo.<\/li>\n<\/ul>\n<p style=\"text-align: justify;\">Tramite il portale FAST IT \u00e8 ora possibile effettuare anche il <strong>cambio di indirizzo ad una circoscrizione consolare diversa\u00a0<\/strong><strong>da quella di appartenenza<\/strong>\u00a0(ad esempio da Adelaide a Canberra,\u00a0Melbourne, Sydney, Brisbane o Perth).<\/p>\n<p style=\"text-align: justify;\">Per maggiori informazioni, \u00e8 possibile consultare la pagina Fast-It dedicata al cambio d&#8217;indirizzo cliccando<a href=\"https:\/\/serviziconsolari.esteri.it\/home\">QUI<\/a>.<\/p>\n<p>&nbsp;<\/p>\n<hr \/>\n<table class=\"table\" border=\"0\">\n<tbody>\n<tr>\n<td colspan=\"2\" bgcolor=\"yellow\"><b>3. CANCELLAZIONE AIRE (RIMPATRIO IN ITALIA)\u00a0 \u00a0 \u00a0 \u00a0 \u00a0 \u00a0 \u00a0 \u00a0 \u00a0 \u00a0 \u00a0 \u00a0 \u00a0 \u00a0 \u00a0 \u00a0 \u00a0 \u00a0 \u00a0 \u00a0 \u00a0 \u00a0 \u00a0 \u00a0 \u00a0 \u00a0 \u00a0 \u00a0 \u00a0 \u00a0 \u00a0 \u00a0 \u00a0 \u00a0 \u00a0 \u00a0 \u00a0 \u00a0 \u00a0 \u00a0 \u00a0 \u00a0 \u00a0 \u00a0 \u00a0 \u00a0 \u00a0 \u00a0 \u00a0 \u00a0 \u00a0 \u00a0 \u00a0 \u00a0 \u00a0 \u00a0 \u00a0 \u00a0 \u00a0 \u00a0 \u00a0 \u00a0 \u00a0 \u00a0 \u00a0 \u00a0 \u00a0 \u00a0 \u00a0 \u00a0 \u00a0 \u00a0 \u00a0 \u00a0 \u00a0 \u00a0<\/b><\/td>\n<\/tr>\n<\/tbody>\n<\/table>\n<p style=\"text-align: justify;\"><strong>I cittadini iscritti AIRE che rientrano definitivamente in Italia dovranno presentarsi presso il Comune dove hanno deciso di stabilirsi per dichiarare il nuovo indirizzo di residenza.<\/strong><\/p>\n<p style=\"text-align: justify;\">Nella stessa data il Comune provveder\u00e0 alla cancellazione dall\u2019AIRE con contestuale iscrizione in APR (Anagrafe Popolazione Residente).<\/p>\n<p style=\"text-align: justify;\">Sar\u00e0\u00a0cura del Comune comunicare ufficialmente la data di decorrenza del rimpatrio al Consolato di provenienza che registrer\u00e0 nei propri schedari consolari il rimpatrio.<\/p>\n<p>&nbsp;<\/p>\n<p><em><strong>IMPORTANTE<\/strong><\/em><\/p>\n<p style=\"text-align: justify;\">A norma di legge gli schedari consolari NON hanno valore anagrafico;\u00a0<strong>gli Uffici Consolari NON possono pertanto rilasciare certificati di residenza ne&#8217; di stato di famiglia,\u00a0<\/strong>che dovranno essere richiesti dagli interessati direttamente\u00a0al proprio\u00a0<strong>Comune di iscrizione AIRE<\/strong>, unico ente italiano preposto\u00a0delle funzioni anagrafiche.<\/p>\n<p style=\"text-align: justify;\">Il Consolato potr\u00e0 rilasciare solo certificazioni di iscrizione nello schedario, nelle quali si potr\u00e0 indicare che l&#8217;interessato risulta abitare all&#8217;indirizzo presente in schedario, nonch\u00e9 quale risulta essere, sempre nello schedario, la composizione del nucleo familiare.<\/p>\n<p>&nbsp;<\/p>\n<p>ULTIMO AGGIORNAMENTO 24 gennaio 2023<\/p>\n","protected":false},"excerpt":{"rendered":"La legge n.470 del 1988 stabilisce che tutti i cittadini italiani che trasferiscono all&#8217;estero la loro residenza per un periodo superiore ai 12 mesi devono, entro 90 giorni dalla data di arrivo nel Paese di destinazione, fare apposita dichiarazione presso il competente Ufficio consolare e iscriversi all\u2019AIRE. Anche chi \u00e8 emigrato prima dell&#8217;entrata in vigore [&hellip;]","protected":false},"author":3,"featured_media":0,"parent":80,"menu_order":0,"comment_status":"closed","ping_status":"closed","template":"","meta":{"footnotes":""},"class_list":["post-171","page","type-page","status-publish","hentry"],"_links":{"self":[{"href":"https:\/\/consadelaide.esteri.it\/it\/wp-json\/wp\/v2\/pages\/171","targetHints":{"allow":["GET"]}}],"collection":[{"href":"https:\/\/consadelaide.esteri.it\/it\/wp-json\/wp\/v2\/pages"}],"about":[{"href":"https:\/\/consadelaide.esteri.it\/it\/wp-json\/wp\/v2\/types\/page"}],"author":[{"embeddable":true,"href":"https:\/\/consadelaide.esteri.it\/it\/wp-json\/wp\/v2\/users\/3"}],"replies":[{"embeddable":true,"href":"https:\/\/consadelaide.esteri.it\/it\/wp-json\/wp\/v2\/comments?post=171"}],"version-history":[{"count":8,"href":"https:\/\/consadelaide.esteri.it\/it\/wp-json\/wp\/v2\/pages\/171\/revisions"}],"predecessor-version":[{"id":6994,"href":"https:\/\/consadelaide.esteri.it\/it\/wp-json\/wp\/v2\/pages\/171\/revisions\/6994"}],"up":[{"embeddable":true,"href":"https:\/\/consadelaide.esteri.it\/it\/wp-json\/wp\/v2\/pages\/80"}],"wp:attachment":[{"href":"https:\/\/consadelaide.esteri.it\/it\/wp-json\/wp\/v2\/media?parent=171"}],"curies":[{"name":"wp","href":"https:\/\/api.w.org\/{rel}","templated":true}]}}