{"id":1696,"date":"2023-04-26T11:05:01","date_gmt":"2023-04-26T01:35:01","guid":{"rendered":"https:\/\/consadelaide.esteri.it\/?page_id=1696"},"modified":"2025-05-13T14:25:10","modified_gmt":"2025-05-13T04:55:10","slug":"buoni-fruttiferi-e-libretti-postali","status":"publish","type":"page","link":"https:\/\/consadelaide.esteri.it\/it\/servizi-consolari-e-visti\/servizi-per-il-cittadino-italiano\/buoni-fruttiferi-e-libretti-postali\/","title":{"rendered":"Buoni fruttiferi e libretti postali"},"content":{"rendered":"<p>I cittadini\u00a0<strong>italiani<\/strong> titolari di risparmi presso Poste Italiane che necessitano dell\u2019autenticazione della propria firma presso questo Consolato, potranno richiedere un appuntamento sul portale <a href=\"https:\/\/prenotami.esteri.it\/\">Prenot@mi<\/a>\/sezione \u2018servizi notarili\u2019.<\/p>\n<p>All\u2019appuntamento si dovr\u00e0 esibire:<\/p>\n<ul>\n<li>un proprio documento di identit\u00e0 in corso di validit\u00e0;<\/li>\n<li>Il codice fiscale (in assenza potr\u00e0 essere richiesto direttamente in Consolato);<\/li>\n<li>il <a href=\"https:\/\/consadelaide.esteri.it\/wp-content\/uploads\/2024\/03\/Modulo-MOD-W14-Poste-Italiane-Interest-bearing-books-and-Post-Office-savings-books.pdf\">Modulo W14<\/a> compilato ma non firmato in cui dovranno essere indicati con precisione il numero di serie dei Buoni, il valore, la data di emissione e l\u2019ufficio postale di emissione;<\/li>\n<li>il modello \u201c<a href=\"https:\/\/consadelaide.esteri.it\/wp-content\/uploads\/2024\/03\/Mod.-pagamento-Buoni-o-Libretti-Postali.docx\">Mod. pagamento Buoni o Libretti Postali<\/a>\u201d dell\u2019Ente Poste Italiane, riguardante la scelta della modalit\u00e0&#8217; di pagamento compilato ma non firmato, indicando con precisione gli estremi del conto corrente dove si desidera ricevere il versamento;<\/li>\n<li>originale dei Buoni Postali Fruttiferi o del Libretto di risparmio (pi\u00f9 fotocopia fronte\/retro dei BPF o fotocopia della prima pagina di intestazione del libretto e di quella contenente il saldo per il Libretti di Risparmio in caso si richieda la copia conforme);<\/li>\n<li>copia del certificato di morte rilasciato dal Comune presso il quale il decesso \u00e8 stato registrato (SOLO NEL CASO DI TITOLI CADUTI IN SUCCESSIONE);<\/li>\n<li>dichiarazione sostitutiva dell\u2019atto di notoriet\u00e0 compilata ma non firmata (SOLO NEL CASO DI TITOLI CADUTI IN SUCCESSIONE);<\/li>\n<li>carta di debito australiana per il pagamento dei diritti consolari relativi all\u2019autenticazione della firma (art. 24 della <a href=\"https:\/\/consadelaide.esteri.it\/it\/chi-siamo\/contatti\/informazioni-utili\/costi-servizi-consolari\/\">Tabella dei diritti consolari<\/a>). I pagamenti sono effettuabili in Consolato preferibilmente tramite carta di debito (no contactless, no Applepay, no carte di credito, no carte italiane);<\/li>\n<\/ul>\n<p><strong>Il Consolato proceder\u00e0 unicamente all\u2019autentica della firma su entrambi i moduli<\/strong>, perci\u00f2 si pregano gli utenti interessati di presentarsi in Consolato con i <strong>moduli gi\u00e0 compilati in tutte le loro parti <\/strong>salvo la firma autografa.<\/p>\n<p><strong>La firma del richiedente deve essere apposta alla presenza di un\/a funzionario\/a consolare<\/strong>.<\/p>\n<p>&nbsp;<\/p>\n<p>Dopo aver ottenuto l\u2019autenticazione sar\u00e0 cura del cittadino <strong>inviare a Poste Italiane Spa la seguente documentazione:<\/strong><\/p>\n<ol>\n<li>i due moduli autenticati;<\/li>\n<li>una copia di un documento d\u2019identit\u00e0 (italiano) in corso di validit\u00e0;<\/li>\n<li>una copia del codice fiscale;<\/li>\n<li>i Buoni fruttiferi postali e\/o i Libretti di risparmio postale in originale. Prima di spedire, si consiglia vivamente di fotocopiare fronte\/retro i Buoni Fruttiferi Postali; per i Libretti di Risparmio \u00e8 necessario fotocopiare la prima pagina di intestazione del libretto e quella contenente il saldo.<\/li>\n<\/ol>\n<p>&nbsp;<\/p>\n<p>Poste Italiane<\/p>\n<p>Divisione Bancoposta<\/p>\n<p>Direzione Operazioni<\/p>\n<p>Servizio Risparmi<\/p>\n<p>Via di Torpagnotta, 2<\/p>\n<p>00143 ROMA<\/p>\n","protected":false},"excerpt":{"rendered":"I cittadini\u00a0italiani titolari di risparmi presso Poste Italiane che necessitano dell\u2019autenticazione della propria firma presso questo Consolato, potranno richiedere un appuntamento sul portale Prenot@mi\/sezione \u2018servizi notarili\u2019. All\u2019appuntamento si dovr\u00e0 esibire: un proprio documento di identit\u00e0 in corso di validit\u00e0; Il codice fiscale (in assenza potr\u00e0 essere richiesto direttamente in Consolato); il Modulo W14 compilato ma [&hellip;]","protected":false},"author":6,"featured_media":0,"parent":80,"menu_order":30,"comment_status":"closed","ping_status":"closed","template":"","meta":{"footnotes":""},"class_list":["post-1696","page","type-page","status-publish","hentry"],"_links":{"self":[{"href":"https:\/\/consadelaide.esteri.it\/it\/wp-json\/wp\/v2\/pages\/1696","targetHints":{"allow":["GET"]}}],"collection":[{"href":"https:\/\/consadelaide.esteri.it\/it\/wp-json\/wp\/v2\/pages"}],"about":[{"href":"https:\/\/consadelaide.esteri.it\/it\/wp-json\/wp\/v2\/types\/page"}],"author":[{"embeddable":true,"href":"https:\/\/consadelaide.esteri.it\/it\/wp-json\/wp\/v2\/users\/6"}],"replies":[{"embeddable":true,"href":"https:\/\/consadelaide.esteri.it\/it\/wp-json\/wp\/v2\/comments?post=1696"}],"version-history":[{"count":6,"href":"https:\/\/consadelaide.esteri.it\/it\/wp-json\/wp\/v2\/pages\/1696\/revisions"}],"predecessor-version":[{"id":5204,"href":"https:\/\/consadelaide.esteri.it\/it\/wp-json\/wp\/v2\/pages\/1696\/revisions\/5204"}],"up":[{"embeddable":true,"href":"https:\/\/consadelaide.esteri.it\/it\/wp-json\/wp\/v2\/pages\/80"}],"wp:attachment":[{"href":"https:\/\/consadelaide.esteri.it\/it\/wp-json\/wp\/v2\/media?parent=1696"}],"curies":[{"name":"wp","href":"https:\/\/api.w.org\/{rel}","templated":true}]}}