{"id":168,"date":"2023-01-03T18:05:17","date_gmt":"2023-01-03T17:05:17","guid":{"rendered":"https:\/\/consadelaide.esteri.it\/?page_id=168"},"modified":"2026-03-31T11:44:35","modified_gmt":"2026-03-31T01:14:35","slug":"passaporti-e-carte-didentita","status":"publish","type":"page","link":"https:\/\/consadelaide.esteri.it\/it\/servizi-consolari-e-visti\/servizi-per-il-cittadino-italiano\/passaporti-e-carte-didentita\/","title":{"rendered":"Passaporti"},"content":{"rendered":"<p style=\"text-align: justify;\">Il\u00a0<strong>passaporto<\/strong> \u00e8 un documento di viaggio e di riconoscimento che pu\u00f2 essere rilasciato <span style=\"text-decoration: underline;\"><strong>solo a chi \u00e8 gi\u00e0 cittadino italiano<\/strong><\/span>.<\/p>\n<p style=\"text-align: justify;\">Il passaporto ordinario ha validit\u00e0 di:<\/p>\n<ul>\n<li style=\"text-align: justify;\">10 anni per i maggiorenni;<\/li>\n<li style=\"text-align: justify;\">5 anni per i minori di anni diciotto;<\/li>\n<li style=\"text-align: justify;\">3 anni per i minori di tre anni;<\/li>\n<li style=\"text-align: justify;\">Fino all&#8217;et\u00e0 di 12 anni si \u00e8 esentati dall\u2019obbligo di firma e dalla rilevazione delle impronte digitali.<\/li>\n<\/ul>\n<p style=\"text-align: justify;\"><strong>Nota bene:<\/strong><\/p>\n<ul style=\"text-align: justify;\">\n<li>Tutti i passaporti gi\u00e0 rilasciati nel passato mantengono la loro validit\u00e0 fino alla scadenza, che non pu\u00f2 essere prorogata. Si ricorda che un passaporto scaduto non ha effetti sullo status di cittadinanza del titolare;<\/li>\n<li>Un nuovo passaporto pu\u00f2 essere rilasciato se il passaporto vecchio \u00e8 scaduto o nei casi di esaurimento pagine, furto o smarrimento;<\/li>\n<li>Non \u00e8 consentito richiedere l\u2019emissione di un nuovo passaporto se quello attuale ha una validit\u00e0 residua superiore ai sei (6) mesi, ad eccezione dei casi di deterioramento, smarrimento, furto o esaurimento pagine;<\/li>\n<li>Si ricorda agli utenti che \u00e8 necessario prendere un appuntamento per il rilascio del passaporto.<\/li>\n<li><strong><span class=\"HwtZe\" lang=\"it\"><span class=\"jCAhz ChMk0b\"><span class=\"ryNqvb\">Gli appuntamenti d&#8217;urgenza sono riservati esclusivamente ai <span style=\"text-decoration: underline;\">soli<\/span> cittadini italiani che non dispongono di altro documento di viaggio<\/span><\/span><\/span><\/strong>.<\/li>\n<li><span style=\"color: #ff0000;\">L&#8217;indirizzo di residenza in <span style=\"text-decoration: underline;\"><strong>SOUTH AUSTRALIA<\/strong><\/span> registrato presso il Consolato deve essere aggiornato <span style=\"text-decoration: underline;\">prima<\/span> del giorno dell&#8217;appuntamento per passaporto. Se hai cambiato indirizzo, ti invitiamo a registrare la variazione sulla piattaforma <a href=\"https:\/\/serviziconsolari.esteri.it\/ScoFE\/index.sco\">FAST-IT<\/a> prima di prenotare un appuntamento per passaporto.\u00a0<\/span><\/li>\n<\/ul>\n<p style=\"text-align: justify;\">Per prenotare un appuntamento online, clicca sul link:\u00a0<a href=\"https:\/\/consadelaide.esteri.it\/it\/chi-siamo\/contatti\/informazioni-utili\/prenota-il-tuo-appuntamento\/\">Prenota!<\/a><\/p>\n<p style=\"text-align: justify;\">Il costo per il rilascio di un passaporto ordinario \u00e8 soggetto a variazione trimestrale. Per conoscere il costo attuale, clicca<a href=\"https:\/\/consadelaide.esteri.it\/it\/chi-siamo\/contatti\/informazioni-utili\/costi-servizi-consolari\/\">:\u00a0tabella costi.<\/a> I pagamenti possono essere effettuati sia con bancomat australiano (debit card, no credit card) sia in contanti.<\/p>\n<p style=\"text-align: justify;\">Per le linee guida sui requisiti delle fototessera per il rilascio del passaporto, clicca:\u00a0<a href=\"https:\/\/consadelaide.esteri.it\/wp-content\/uploads\/2023\/01\/20100125_passaporto_requisitifoto_specifiche_icao_allegato_al_msg303_470325_del_291120051.pdf\"><strong>QUI<\/strong><\/a><\/p>\n<p>Si informano i connazionali, genitori di figli minori, che a partire dal 14 giugno 2023, ai sensi del D.L. 69\/2023, non sar\u00e0 pi\u00f9 necessario presentare l\u2019atto di assenso dell\u2019altro genitore ai fini del rilascio del proprio passaporto.<\/p>\n<p><span style=\"text-decoration: underline;\">Resta l\u2019obbligo dell\u2019assenso firmato da entrambi i genitori o ai fini del rilascio dei documenti per i minori.<\/span> L\u2019atto di assenso \u00e8 una dichiarazione personale che il genitore di figli minorenni deve sottoscrivere utilizzando l\u2019apposito modulo disponibile presso l\u2019Ufficio passaporti o nella sezione <a href=\"https:\/\/consadelaide.esteri.it\/it\/chi-siamo\/contatti\/informazioni-utili\/modulistica\/\"><em>Modulistica.<\/em><\/a><\/p>\n<p style=\"text-align: justify;\"><strong>Cosa devo fare per ottenere un passaporto?<\/strong><\/p>\n<p><strong>Clicca sull\u2019immagine in basso e segui la procedura guidata!<\/strong><\/p>\n<p><strong><a href=\"https:\/\/sites.google.com\/view\/passaporti-passports\"><img decoding=\"async\" class=\"alignnone size-medium wp-image-199 img-fluid\" src=\"https:\/\/consadelaide.esteri.it\/wp-content\/uploads\/2023\/01\/nuovo_sitoweb_passaporti.png\" alt=\"procedura rilascio passaporti\" width=\"900\" srcset=\"https:\/\/consadelaide.esteri.it\/wp-content\/uploads\/2023\/01\/nuovo_sitoweb_passaporti.png 922w, https:\/\/consadelaide.esteri.it\/wp-content\/uploads\/2023\/01\/nuovo_sitoweb_passaporti-300x153.png 300w, https:\/\/consadelaide.esteri.it\/wp-content\/uploads\/2023\/01\/nuovo_sitoweb_passaporti-768x391.png 768w\" sizes=\"(max-width: 922px) 100vw, 922px\" \/><\/a><\/strong><\/p>\n","protected":false},"excerpt":{"rendered":"Il\u00a0passaporto \u00e8 un documento di viaggio e di riconoscimento che pu\u00f2 essere rilasciato solo a chi \u00e8 gi\u00e0 cittadino italiano. Il passaporto ordinario ha validit\u00e0 di: 10 anni per i maggiorenni; 5 anni per i minori di anni diciotto; 3 anni per i minori di tre anni; Fino all&#8217;et\u00e0 di 12 anni si \u00e8 esentati [&hellip;]","protected":false},"author":3,"featured_media":0,"parent":80,"menu_order":0,"comment_status":"closed","ping_status":"closed","template":"","meta":{"footnotes":""},"class_list":["post-168","page","type-page","status-publish","hentry"],"_links":{"self":[{"href":"https:\/\/consadelaide.esteri.it\/it\/wp-json\/wp\/v2\/pages\/168","targetHints":{"allow":["GET"]}}],"collection":[{"href":"https:\/\/consadelaide.esteri.it\/it\/wp-json\/wp\/v2\/pages"}],"about":[{"href":"https:\/\/consadelaide.esteri.it\/it\/wp-json\/wp\/v2\/types\/page"}],"author":[{"embeddable":true,"href":"https:\/\/consadelaide.esteri.it\/it\/wp-json\/wp\/v2\/users\/3"}],"replies":[{"embeddable":true,"href":"https:\/\/consadelaide.esteri.it\/it\/wp-json\/wp\/v2\/comments?post=168"}],"version-history":[{"count":6,"href":"https:\/\/consadelaide.esteri.it\/it\/wp-json\/wp\/v2\/pages\/168\/revisions"}],"predecessor-version":[{"id":7106,"href":"https:\/\/consadelaide.esteri.it\/it\/wp-json\/wp\/v2\/pages\/168\/revisions\/7106"}],"up":[{"embeddable":true,"href":"https:\/\/consadelaide.esteri.it\/it\/wp-json\/wp\/v2\/pages\/80"}],"wp:attachment":[{"href":"https:\/\/consadelaide.esteri.it\/it\/wp-json\/wp\/v2\/media?parent=168"}],"curies":[{"name":"wp","href":"https:\/\/api.w.org\/{rel}","templated":true}]}}