{"id":150,"date":"2023-01-03T17:52:35","date_gmt":"2023-01-03T16:52:35","guid":{"rendered":"https:\/\/consadelaide.esteri.it\/?page_id=150"},"modified":"2023-04-21T09:46:47","modified_gmt":"2023-04-21T00:16:47","slug":"fare-affari-in-italia","status":"publish","type":"page","link":"https:\/\/consadelaide.esteri.it\/it\/italia-e-australia\/diplomazia-economica\/fare-affari-in-italia\/","title":{"rendered":"Fare affari in Italia"},"content":{"rendered":"<p style=\"text-align: justify;\">L\u2019economia italiana \u00e8 una delle pi\u00f9 grandi al mondo e l\u2019Italia, da piu\u2019 di trent\u2019anni, e\u2019 il secondo paese manifatturiero in Europa (la produzione italiana costituisce l\u201911% del PIL dell\u2019Unione Europea). Come molti paesi sviluppati, la maggior parte del PIL italiano deriva dal settore terziario (72,6%).<\/p>\n<p style=\"text-align: justify;\">L\u2019economia italiana si \u00e8 rapidamente ripresa dallo shock pandemico. Nel 2021 il PIL \u00e8 cresciuto del 6,6% e nel 2022, nonostante la particolare situazione internazionale causata dalla guerra in Ucraina, il PIL ha registrato un ulteriore incremento (+3,2%).<\/p>\n<p style=\"text-align: justify;\">L\u2019Italia rappresenta una porta d\u2019accesso al mercato europeo con una rete di trasporti ben sviluppata e diversificata. Inoltre, \u00e8 in posizione strategica rispetto ai Paesi del Medio Oriente e del Nord Africa. Le imprese che investono in Italia possono contare su una fitta rete di PMI e distretti industriali presenti su tutto il territorio nazionale e ben collocati nelle filiere internazionali, fornendo beni intermedi di alta qualit\u00e0.<\/p>\n<p style=\"text-align: justify;\">Ricerca e innovazione sono ampiamente integrate nei processi industriali, con punte di riconosciuta eccellenza in differenti settori delle scienze della vita (in primis le neuroscienze), fisica e ingegneria (ad es. la robotica), scienze sociali e discipline umanistiche (tra tutte l\u2019archeologia hi-tech). Il sistema universitario in Italia ha radici antiche, \u00e8 dinamico e di ottima qualit\u00e0 e a fronte di una preparazione accademica elevata, il costo del lavoro \u00e8 relativamente conveniente rispetto ad altri paesi dell\u2019Eurozona.<\/p>\n<p style=\"text-align: justify;\">In Europa, l\u2019Italia si colloca al primo posto come Paese con il minor costo di insediamento per il settore delle biotecnologie e al secondo posto per i test su prodotto nelle attivit\u00e0 di ricerca e sviluppo, nella chimica e nell\u2019elettronica.<\/p>\n<p style=\"text-align: justify;\"><strong>Quadro Macroeconomico<\/strong><\/p>\n<p style=\"text-align: justify;\">Aggiornate analisi sul quadro macroeconomico nazionale possono essere rinvenute nel sito della <a href=\"https:\/\/www.bancaditalia.it\/\"><strong>Banca d\u2019Italia<\/strong><\/a><strong>.<\/strong> Di particolare interesse, nella sezione pubblicazioni, il <a href=\"https:\/\/www.bancaditalia.it\/pubblicazioni\/bollettino-economico\/index.html\"><strong>Bollettino Economico<\/strong><\/a> aggiornato trimestralmente.<\/p>\n<p style=\"text-align: justify;\"><strong>Link utili <\/strong><\/p>\n<p style=\"text-align: justify;\">Si elencano di seguito i siti internet di alcune associazioni di natura economica in Italia.<\/p>\n<p style=\"text-align: justify;\"><a href=\"https:\/\/www.confindustria.it\/home\"><strong>Confindustria<\/strong><\/a> \u00e8 la principale associazione di rappresentanza delle imprese manifatturiere e di servizi in Italia.<\/p>\n<p style=\"text-align: justify;\"><a href=\"https:\/\/www.confapi.org\/it\/\"><strong>Confapi<\/strong><\/a><strong> \u2013 <\/strong>Confederazione Italiana della piccola e media industria privata<\/p>\n<p style=\"text-align: justify;\"><a href=\"https:\/\/www.confcommercio.it\/\"><strong>Confcommercio<\/strong><\/a> \u2013\u00a0Confederazione Generale Italiana delle Imprese, delle Attivit\u00e0 Professionali e del Lavoro Autonomo<\/p>\n<p style=\"text-align: justify;\"><a href=\"https:\/\/www.confartigianato.it\/\"><strong>Confartigianato<\/strong><\/a> -Confederazione Artigiani e Piccoli Imprenditori<\/p>\n<p style=\"text-align: justify;\"><a href=\"https:\/\/www.cna.it\/\"><strong>CNA<\/strong><\/a><strong> \u2013 <\/strong>Confederazione Nazionale dell\u2019Artigianato<\/p>\n<p style=\"text-align: justify;\"><a href=\"https:\/\/www.confagricoltura.it\/ita\/\"><strong>Confagricoltura<\/strong><\/a> \u2013 Confederazione Generale dell\u2019Agricoltura Italiana<\/p>\n<p style=\"text-align: justify;\">&gt; <a href=\"http:\/\/www.investinitaly.com\/it\/\"><strong>Invest in Italy<\/strong><\/a> dell\u2019Agenzia ICE<\/p>\n<p style=\"text-align: justify;\">&gt; <strong><a href=\"https:\/\/www.invitalia.it\/eng\">Invitalia<\/a><\/strong>, Agenzia per l\u2019attrazione degli investimenti e lo sviluppo d\u2019impresa<\/p>\n<p style=\"text-align: justify;\">&gt;<strong> <a href=\"http:\/\/italiastartupvisa.mise.gov.it\/\">Italy Startup Visa<\/a><\/strong>, il programma dedicato all\u2019attrazione di aziende innovative<\/p>\n<p style=\"text-align: justify;\">&gt; <strong><a href=\"http:\/\/www.registroimprese.it\/\">Registro delle Imprese<\/a><\/strong> per informazioni sulle imprese con sede o unit\u00e0 in Italia<\/p>\n<p style=\"text-align: justify;\">&gt; Il sito dell\u2019<strong><a href=\"http:\/\/www.aefi.it\/Aefi\/site\/en\/index\">Associazione Esposizioni e Fiere Italiane<\/a><\/strong><\/p>\n","protected":false},"excerpt":{"rendered":"L\u2019economia italiana \u00e8 una delle pi\u00f9 grandi al mondo e l\u2019Italia, da piu\u2019 di trent\u2019anni, e\u2019 il secondo paese manifatturiero in Europa (la produzione italiana costituisce l\u201911% del PIL dell\u2019Unione Europea). Come molti paesi sviluppati, la maggior parte del PIL italiano deriva dal settore terziario (72,6%). L\u2019economia italiana si \u00e8 rapidamente ripresa dallo shock pandemico. [&hellip;]","protected":false},"author":3,"featured_media":0,"parent":78,"menu_order":0,"comment_status":"closed","ping_status":"closed","template":"","meta":{"footnotes":""},"class_list":["post-150","page","type-page","status-publish","hentry"],"_links":{"self":[{"href":"https:\/\/consadelaide.esteri.it\/it\/wp-json\/wp\/v2\/pages\/150","targetHints":{"allow":["GET"]}}],"collection":[{"href":"https:\/\/consadelaide.esteri.it\/it\/wp-json\/wp\/v2\/pages"}],"about":[{"href":"https:\/\/consadelaide.esteri.it\/it\/wp-json\/wp\/v2\/types\/page"}],"author":[{"embeddable":true,"href":"https:\/\/consadelaide.esteri.it\/it\/wp-json\/wp\/v2\/users\/3"}],"replies":[{"embeddable":true,"href":"https:\/\/consadelaide.esteri.it\/it\/wp-json\/wp\/v2\/comments?post=150"}],"version-history":[{"count":0,"href":"https:\/\/consadelaide.esteri.it\/it\/wp-json\/wp\/v2\/pages\/150\/revisions"}],"up":[{"embeddable":true,"href":"https:\/\/consadelaide.esteri.it\/it\/wp-json\/wp\/v2\/pages\/78"}],"wp:attachment":[{"href":"https:\/\/consadelaide.esteri.it\/it\/wp-json\/wp\/v2\/media?parent=150"}],"curies":[{"name":"wp","href":"https:\/\/api.w.org\/{rel}","templated":true}]}}